{"id":6957,"date":"2024-11-06T06:43:41","date_gmt":"2024-11-06T06:43:41","guid":{"rendered":"https:\/\/campingmaterada.com\/contact\/"},"modified":"2026-05-15T09:46:40","modified_gmt":"2026-05-15T09:46:40","slug":"kontakt","status":"publish","type":"page","link":"https:\/\/campingmaterada.com\/hr\/kontakt\/","title":{"rendered":"Kontakt"},"content":{"rendered":"\t\t<div data-elementor-type=\"wp-page\" data-elementor-id=\"6957\" class=\"elementor elementor-6957 elementor-100\">\n\t\t\t\t<div class=\"elementor-element elementor-element-720bf7c e-con-full e-flex e-con e-parent\" data-id=\"720bf7c\" data-element_type=\"container\">\n\t\t<div class=\"elementor-element elementor-element-a2ed377 e-con-full e-flex e-con e-child\" data-id=\"a2ed377\" data-element_type=\"container\" data-settings=\"{&quot;background_background&quot;:&quot;classic&quot;}\">\n\t\t<div class=\"elementor-element elementor-element-0ba761b e-flex e-con-boxed e-con e-child\" data-id=\"0ba761b\" data-element_type=\"container\">\n\t\t\t\t\t<div class=\"e-con-inner\">\n\t\t\t\t<div class=\"elementor-element elementor-element-dd42e27 elementor-widget elementor-widget-text-editor\" data-id=\"dd42e27\" data-element_type=\"widget\" data-widget_type=\"text-editor.default\">\n\t\t\t\t\t\t\t\t\t<p>Upiti i informacije<\/p>\t\t\t\t\t\t\t\t<\/div>\n\t\t\t\t<div class=\"elementor-element elementor-element-53f8949 elementor-widget elementor-widget-heading\" data-id=\"53f8949\" data-element_type=\"widget\" data-widget_type=\"heading.default\">\n\t\t\t\t\t<h3 class=\"elementor-heading-title elementor-size-default\">Kontaktirajte nas, rado \u0107emo vam pomo\u0107i oko va\u0161eg boravka.<\/h3>\t\t\t\t<\/div>\n\t\t\t\t\t<\/div>\n\t\t\t\t<\/div>\n\t\t\t\t<\/div>\n\t\t<div class=\"elementor-element elementor-element-9058da8 e-con-full e-flex e-con e-child\" data-id=\"9058da8\" data-element_type=\"container\" data-settings=\"{&quot;background_background&quot;:&quot;classic&quot;}\">\n\t\t\t\t<div class=\"elementor-element elementor-element-ad9407f elementor-widget elementor-widget-spacer\" data-id=\"ad9407f\" data-element_type=\"widget\" data-widget_type=\"spacer.default\">\n\t\t\t\t\t\t\t<div class=\"elementor-spacer\">\n\t\t\t<div class=\"elementor-spacer-inner\"><\/div>\n\t\t<\/div>\n\t\t\t\t\t\t<\/div>\n\t\t\t\t<\/div>\n\t\t\t\t<\/div>\n\t\t<div class=\"elementor-element elementor-element-03564b8 e-grid e-con-boxed e-con e-parent\" data-id=\"03564b8\" data-element_type=\"container\" data-settings=\"{&quot;background_background&quot;:&quot;classic&quot;}\">\n\t\t\t\t\t<div class=\"e-con-inner\">\n\t\t\t\t<div class=\"elementor-element elementor-element-f526a03 elementor-widget__width-inherit elementor-view-default elementor-position-block-start elementor-mobile-position-block-start elementor-widget elementor-widget-icon-box\" data-id=\"f526a03\" data-element_type=\"widget\" data-widget_type=\"icon-box.default\">\n\t\t\t\t\t\t\t<div class=\"elementor-icon-box-wrapper\">\n\n\t\t\t\t\t\t<div class=\"elementor-icon-box-icon\">\n\t\t\t\t<span  class=\"elementor-icon elementor-animation-grow\">\n\t\t\t\t<i aria-hidden=\"true\" class=\"amoja-icon- amoja-icon-location-1\"><\/i>\t\t\t\t<\/span>\n\t\t\t<\/div>\n\t\t\t\n\t\t\t\t\t\t<div class=\"elementor-icon-box-content\">\n\n\t\t\t\t\t\t\t\t\t<h5 class=\"elementor-icon-box-title\">\n\t\t\t\t\t\t<span  >\n\t\t\t\t\t\t\tAdresa\t\t\t\t\t\t<\/span>\n\t\t\t\t\t<\/h5>\n\t\t\t\t\n\t\t\t\t\t\t\t\t\t<p class=\"elementor-icon-box-description\">\n\t\t\t\t\t\tKamp Materada d.o.o.\nMaterada 32, 52440 Pore\u010d, Hrvatska\n\t\t\t\t\t<\/p>\n\t\t\t\t\n\t\t\t<\/div>\n\t\t\t\n\t\t<\/div>\n\t\t\t\t\t\t<\/div>\n\t\t\t\t<div class=\"elementor-element elementor-element-0030d93 elementor-widget__width-inherit elementor-view-default elementor-position-block-start elementor-mobile-position-block-start elementor-widget elementor-widget-icon-box\" data-id=\"0030d93\" data-element_type=\"widget\" data-widget_type=\"icon-box.default\">\n\t\t\t\t\t\t\t<div class=\"elementor-icon-box-wrapper\">\n\n\t\t\t\t\t\t<div class=\"elementor-icon-box-icon\">\n\t\t\t\t<span  class=\"elementor-icon elementor-animation-grow\">\n\t\t\t\t<i aria-hidden=\"true\" class=\"amoja-icon- amoja-icon-email\"><\/i>\t\t\t\t<\/span>\n\t\t\t<\/div>\n\t\t\t\n\t\t\t\t\t\t<div class=\"elementor-icon-box-content\">\n\n\t\t\t\t\t\t\t\t\t<h5 class=\"elementor-icon-box-title\">\n\t\t\t\t\t\t<span  >\n\t\t\t\t\t\t\tEmail\t\t\t\t\t\t<\/span>\n\t\t\t\t\t<\/h5>\n\t\t\t\t\n\t\t\t\t\t\t\t\t\t<p class=\"elementor-icon-box-description\">\n\t\t\t\t\t\tinfo@materada.com\t\t\t\t\t<\/p>\n\t\t\t\t\n\t\t\t<\/div>\n\t\t\t\n\t\t<\/div>\n\t\t\t\t\t\t<\/div>\n\t\t\t\t<div class=\"elementor-element elementor-element-0afa14b elementor-widget__width-inherit elementor-view-default elementor-position-block-start elementor-mobile-position-block-start elementor-widget elementor-widget-icon-box\" data-id=\"0afa14b\" data-element_type=\"widget\" data-widget_type=\"icon-box.default\">\n\t\t\t\t\t\t\t<div class=\"elementor-icon-box-wrapper\">\n\n\t\t\t\t\t\t<div class=\"elementor-icon-box-icon\">\n\t\t\t\t<span  class=\"elementor-icon elementor-animation-grow\">\n\t\t\t\t<i aria-hidden=\"true\" class=\"amoja-icon- amoja-icon-telephone\"><\/i>\t\t\t\t<\/span>\n\t\t\t<\/div>\n\t\t\t\n\t\t\t\t\t\t<div class=\"elementor-icon-box-content\">\n\n\t\t\t\t\t\t\t\t\t<h5 class=\"elementor-icon-box-title\">\n\t\t\t\t\t\t<span  >\n\t\t\t\t\t\t\tTelefon\t\t\t\t\t\t<\/span>\n\t\t\t\t\t<\/h5>\n\t\t\t\t\n\t\t\t\t\t\t\t\t\t<p class=\"elementor-icon-box-description\">\n\t\t\t\t\t\t+38598208722\t\t\t\t\t<\/p>\n\t\t\t\t\n\t\t\t<\/div>\n\t\t\t\n\t\t<\/div>\n\t\t\t\t\t\t<\/div>\n\t\t\t\t\t<\/div>\n\t\t\t\t<\/div>\n\t\t<div class=\"elementor-element elementor-element-44bb9e0 e-flex e-con-boxed e-con e-parent\" data-id=\"44bb9e0\" data-element_type=\"container\">\n\t\t\t\t\t<div class=\"e-con-inner\">\n\t\t\t\t<div class=\"elementor-element elementor-element-45db59a elementor-widget elementor-widget-text-editor\" data-id=\"45db59a\" data-element_type=\"widget\" data-widget_type=\"text-editor.default\">\n\t\t\t\t\t\t\t\t\t<p>Ovdje smo da pomognemo.<\/p>\t\t\t\t\t\t\t\t<\/div>\n\t\t\t\t<div class=\"elementor-element elementor-element-a21a3e4 elementor-widget elementor-widget-heading\" data-id=\"a21a3e4\" data-element_type=\"widget\" data-widget_type=\"heading.default\">\n\t\t\t\t\t<h2 class=\"elementor-heading-title elementor-size-default\">Imate li kakvih pitanja<\/h2>\t\t\t\t<\/div>\n\t\t\t\t<div class=\"elementor-element elementor-element-a8b9e94 elementor-widget elementor-widget-text-editor\" data-id=\"a8b9e94\" data-element_type=\"widget\" data-widget_type=\"text-editor.default\">\n\t\t\t\t\t\t\t\t\t<p>Za upite o rezervacijama ili za vi\u0161e informacija o na\u0161im iskustvima, po\u0161aljite upit.<\/p>\t\t\t\t\t\t\t\t<\/div>\n\t\t\t\t<div class=\"elementor-element elementor-element-f337bc6 elementor-widget elementor-widget-amoja-contactform\" data-id=\"f337bc6\" data-element_type=\"widget\" data-widget_type=\"amoja-contactform.default\">\n\t\t\t\t<div class=\"elementor-widget-container\">\n\t\t\t\t\t\n<div class=\"wpcf7 no-js\" id=\"wpcf7-f85-o1\" lang=\"en-US\" dir=\"ltr\" data-wpcf7-id=\"85\">\n<div class=\"screen-reader-response\"><p role=\"status\" aria-live=\"polite\" aria-atomic=\"true\"><\/p> <ul><\/ul><\/div>\n<form action=\"\/hr\/wp-json\/wp\/v2\/pages\/6957#wpcf7-f85-o1\" method=\"post\" class=\"wpcf7-form init\" aria-label=\"Contact form\" novalidate=\"novalidate\" data-status=\"init\">\n<fieldset class=\"hidden-fields-container\"><input type=\"hidden\" name=\"_wpcf7\" value=\"85\" \/><input type=\"hidden\" name=\"_wpcf7_version\" value=\"6.1.5\" \/><input type=\"hidden\" name=\"_wpcf7_locale\" value=\"en_US\" \/><input type=\"hidden\" name=\"_wpcf7_unit_tag\" value=\"wpcf7-f85-o1\" \/><input type=\"hidden\" name=\"_wpcf7_container_post\" value=\"0\" \/><input type=\"hidden\" name=\"_wpcf7_posted_data_hash\" value=\"\" \/>\n<\/fieldset>\n<div class=\"wpcf7-form\">\n\t<p><span class=\"wpcf7-form-control-wrap\" data-name=\"your-message\"><textarea cols=\"40\" rows=\"3\" maxlength=\"2000\" class=\"wpcf7-form-control wpcf7-textarea\" aria-invalid=\"false\" name=\"your-message\">Your Message<\/textarea><\/span>\n\t<\/p>\n\t<div class=\"row\">\n\t\t<div class=\"column-flex-50\">\n\t\t\t<p><span class=\"wpcf7-form-control-wrap\" data-name=\"your-name\"><input size=\"40\" maxlength=\"400\" class=\"wpcf7-form-control wpcf7-text wpcf7-validates-as-required\" autocomplete=\"name\" aria-required=\"true\" aria-invalid=\"false\" value=\"Your Name\" type=\"text\" name=\"your-name\" \/><\/span>\n\t\t\t<\/p>\n\t\t<\/div>\n\t\t<div class=\"column-flex-50\">\n\t\t\t<p><span class=\"wpcf7-form-control-wrap\" data-name=\"your-email\"><input size=\"40\" maxlength=\"400\" class=\"wpcf7-form-control wpcf7-email wpcf7-validates-as-required wpcf7-text wpcf7-validates-as-email\" autocomplete=\"email\" aria-required=\"true\" aria-invalid=\"false\" value=\"Your E-mail\" type=\"email\" name=\"your-email\" \/><\/span>\n\t\t\t<\/p>\n\t\t<\/div>\n\t<\/div>\n\t<div class=\"wpcf7-button elementor-button-default elementor-widget-button\">\n\t\t<p><button type=\"submit\" class=\"elementor-button\"><span class=\"elementor-button-content-wrapper\"><span class=\"elementor-button-text\">submit<\/span><span class=\"elementor-button-icon\"><i class=\"amoja-icon-arrow-right\"><\/i><\/span><\/span><\/button>\n\t\t<\/p>\n\t<\/div>\n<\/div><div class=\"wpcf7-response-output\" aria-hidden=\"true\"><\/div>\n<\/form>\n<\/div>\n\t\t\t\t<\/div>\n\t\t\t\t<\/div>\n\t\t\t\t\t<\/div>\n\t\t\t\t<\/div>\n\t\t\t\t<\/div>\n\t\t","protected":false},"excerpt":{"rendered":"<p>Upiti i informacije Kontaktirajte nas, rado \u0107emo vam pomo\u0107i oko va\u0161eg boravka. Adresa Kamp Materada d.o.o. Materada 32, 52440 Pore\u010d, Hrvatska Email info@materada.com Telefon +38598208722 Ovdje smo da pomognemo. Imate li kakvih pitanja Za upite o rezervacijama ili za vi\u0161e informacija o na\u0161im iskustvima, po\u0161aljite upit. Your Message submit<\/p>\n","protected":false},"author":1,"featured_media":0,"parent":0,"menu_order":0,"comment_status":"closed","ping_status":"closed","template":"","meta":{"inline_featured_image":false,"footnotes":""},"class_list":["post-6957","page","type-page","status-publish","hentry"],"yoast_head":"<!-- This site is optimized with the Yoast SEO plugin v27.5 - https:\/\/yoast.com\/product\/yoast-seo-wordpress\/ -->\n<title>Kontakt - Boutique Camping Materada Beach<\/title>\n<meta name=\"description\" content=\"Bez obzira trebate li dodatne informacije o smje\u0161taju, sadr\u017eajima, rezervacijama ili doga\u0111anjima u Pore\u010d, na\u0161 tim vam stoji na raspolaganju. Javite nam se s povjerenjem - potrudit \u0107emo se odgovoriti na sva pitanja i pomo\u0107i vam da va\u0161 odmor u Boutique Camping Materada Beach bude \u0161to ugodniji i bezbri\u017eniji.\" \/>\n<meta name=\"robots\" content=\"index, follow, max-snippet:-1, max-image-preview:large, max-video-preview:-1\" \/>\n<link rel=\"canonical\" href=\"https:\/\/campingmaterada.com\/hr\/kontakt\/\" \/>\n<meta property=\"og:locale\" content=\"hr_HR\" \/>\n<meta property=\"og:type\" content=\"article\" \/>\n<meta property=\"og:title\" content=\"Kontakt - Boutique Camping Materada Beach\" \/>\n<meta property=\"og:description\" content=\"Bez obzira trebate li dodatne informacije o smje\u0161taju, sadr\u017eajima, rezervacijama ili doga\u0111anjima u Pore\u010d, na\u0161 tim vam stoji na raspolaganju. Javite nam se s povjerenjem - potrudit \u0107emo se odgovoriti na sva pitanja i pomo\u0107i vam da va\u0161 odmor u Boutique Camping Materada Beach bude \u0161to ugodniji i bezbri\u017eniji.\" \/>\n<meta property=\"og:url\" content=\"https:\/\/campingmaterada.com\/hr\/kontakt\/\" \/>\n<meta property=\"og:site_name\" content=\"Boutique Camping Materada Beach\" \/>\n<meta property=\"article:modified_time\" content=\"2026-05-15T09:46:40+00:00\" \/>\n<meta property=\"og:image\" content=\"https:\/\/campingmaterada.com\/wp-content\/uploads\/2026\/05\/og-image.jpg\" \/>\n\t<meta property=\"og:image:width\" content=\"1200\" \/>\n\t<meta property=\"og:image:height\" content=\"630\" \/>\n\t<meta property=\"og:image:type\" content=\"image\/jpeg\" \/>\n<meta name=\"twitter:card\" content=\"summary_large_image\" \/>\n<meta name=\"twitter:label1\" content=\"Procijenjeno vrijeme \u010ditanja\" \/>\n\t<meta name=\"twitter:data1\" content=\"1 minuta\" \/>\n<script type=\"application\/ld+json\" class=\"yoast-schema-graph\">{\"@context\":\"https:\\\/\\\/schema.org\",\"@graph\":[{\"@type\":\"WebPage\",\"@id\":\"https:\\\/\\\/campingmaterada.com\\\/hr\\\/kontakt\\\/\",\"url\":\"https:\\\/\\\/campingmaterada.com\\\/hr\\\/kontakt\\\/\",\"name\":\"Kontakt - Boutique Camping Materada Beach\",\"isPartOf\":{\"@id\":\"https:\\\/\\\/campingmaterada.com\\\/#website\"},\"datePublished\":\"2024-11-06T06:43:41+00:00\",\"dateModified\":\"2026-05-15T09:46:40+00:00\",\"description\":\"Bez obzira trebate li dodatne informacije o smje\u0161taju, sadr\u017eajima, rezervacijama ili doga\u0111anjima u Pore\u010d, na\u0161 tim vam stoji na raspolaganju. Javite nam se s povjerenjem - potrudit \u0107emo se odgovoriti na sva pitanja i pomo\u0107i vam da va\u0161 odmor u Boutique Camping Materada Beach bude \u0161to ugodniji i bezbri\u017eniji.\",\"breadcrumb\":{\"@id\":\"https:\\\/\\\/campingmaterada.com\\\/hr\\\/kontakt\\\/#breadcrumb\"},\"inLanguage\":\"hr\",\"potentialAction\":[{\"@type\":\"ReadAction\",\"target\":[\"https:\\\/\\\/campingmaterada.com\\\/hr\\\/kontakt\\\/\"]}]},{\"@type\":\"BreadcrumbList\",\"@id\":\"https:\\\/\\\/campingmaterada.com\\\/hr\\\/kontakt\\\/#breadcrumb\",\"itemListElement\":[{\"@type\":\"ListItem\",\"position\":1,\"name\":\"Home\",\"item\":\"https:\\\/\\\/campingmaterada.com\\\/hr\\\/\"},{\"@type\":\"ListItem\",\"position\":2,\"name\":\"Kontakt\"}]},{\"@type\":\"WebSite\",\"@id\":\"https:\\\/\\\/campingmaterada.com\\\/#website\",\"url\":\"https:\\\/\\\/campingmaterada.com\\\/\",\"name\":\"Boutique Camping Materada Beach\",\"description\":\"\",\"publisher\":{\"@id\":\"https:\\\/\\\/campingmaterada.com\\\/#organization\"},\"potentialAction\":[{\"@type\":\"SearchAction\",\"target\":{\"@type\":\"EntryPoint\",\"urlTemplate\":\"https:\\\/\\\/campingmaterada.com\\\/?s={search_term_string}\"},\"query-input\":{\"@type\":\"PropertyValueSpecification\",\"valueRequired\":true,\"valueName\":\"search_term_string\"}}],\"inLanguage\":\"hr\"},{\"@type\":\"Organization\",\"@id\":\"https:\\\/\\\/campingmaterada.com\\\/#organization\",\"name\":\"Boutique Camping Materada Beach\",\"url\":\"https:\\\/\\\/campingmaterada.com\\\/\",\"logo\":{\"@type\":\"ImageObject\",\"inLanguage\":\"hr\",\"@id\":\"https:\\\/\\\/campingmaterada.com\\\/#\\\/schema\\\/logo\\\/image\\\/\",\"url\":\"https:\\\/\\\/campingmaterada.com\\\/wp-content\\\/uploads\\\/2026\\\/01\\\/logo-white.png\",\"contentUrl\":\"https:\\\/\\\/campingmaterada.com\\\/wp-content\\\/uploads\\\/2026\\\/01\\\/logo-white.png\",\"width\":188,\"height\":129,\"caption\":\"Boutique Camping Materada Beach\"},\"image\":{\"@id\":\"https:\\\/\\\/campingmaterada.com\\\/#\\\/schema\\\/logo\\\/image\\\/\"}}]}<\/script>\n<!-- \/ Yoast SEO plugin. -->","yoast_head_json":{"title":"Kontakt - Boutique Camping Materada Beach","description":"Bez obzira trebate li dodatne informacije o smje\u0161taju, sadr\u017eajima, rezervacijama ili doga\u0111anjima u Pore\u010d, na\u0161 tim vam stoji na raspolaganju. Javite nam se s povjerenjem - potrudit \u0107emo se odgovoriti na sva pitanja i pomo\u0107i vam da va\u0161 odmor u Boutique Camping Materada Beach bude \u0161to ugodniji i bezbri\u017eniji.","robots":{"index":"index","follow":"follow","max-snippet":"max-snippet:-1","max-image-preview":"max-image-preview:large","max-video-preview":"max-video-preview:-1"},"canonical":"https:\/\/campingmaterada.com\/hr\/kontakt\/","og_locale":"hr_HR","og_type":"article","og_title":"Kontakt - Boutique Camping Materada Beach","og_description":"Bez obzira trebate li dodatne informacije o smje\u0161taju, sadr\u017eajima, rezervacijama ili doga\u0111anjima u Pore\u010d, na\u0161 tim vam stoji na raspolaganju. Javite nam se s povjerenjem - potrudit \u0107emo se odgovoriti na sva pitanja i pomo\u0107i vam da va\u0161 odmor u Boutique Camping Materada Beach bude \u0161to ugodniji i bezbri\u017eniji.","og_url":"https:\/\/campingmaterada.com\/hr\/kontakt\/","og_site_name":"Boutique Camping Materada Beach","article_modified_time":"2026-05-15T09:46:40+00:00","og_image":[{"width":1200,"height":630,"url":"https:\/\/campingmaterada.com\/wp-content\/uploads\/2026\/05\/og-image.jpg","type":"image\/jpeg"}],"twitter_card":"summary_large_image","twitter_misc":{"Procijenjeno vrijeme \u010ditanja":"1 minuta"},"schema":{"@context":"https:\/\/schema.org","@graph":[{"@type":"WebPage","@id":"https:\/\/campingmaterada.com\/hr\/kontakt\/","url":"https:\/\/campingmaterada.com\/hr\/kontakt\/","name":"Kontakt - Boutique Camping Materada Beach","isPartOf":{"@id":"https:\/\/campingmaterada.com\/#website"},"datePublished":"2024-11-06T06:43:41+00:00","dateModified":"2026-05-15T09:46:40+00:00","description":"Bez obzira trebate li dodatne informacije o smje\u0161taju, sadr\u017eajima, rezervacijama ili doga\u0111anjima u Pore\u010d, na\u0161 tim vam stoji na raspolaganju. Javite nam se s povjerenjem - potrudit \u0107emo se odgovoriti na sva pitanja i pomo\u0107i vam da va\u0161 odmor u Boutique Camping Materada Beach bude \u0161to ugodniji i bezbri\u017eniji.","breadcrumb":{"@id":"https:\/\/campingmaterada.com\/hr\/kontakt\/#breadcrumb"},"inLanguage":"hr","potentialAction":[{"@type":"ReadAction","target":["https:\/\/campingmaterada.com\/hr\/kontakt\/"]}]},{"@type":"BreadcrumbList","@id":"https:\/\/campingmaterada.com\/hr\/kontakt\/#breadcrumb","itemListElement":[{"@type":"ListItem","position":1,"name":"Home","item":"https:\/\/campingmaterada.com\/hr\/"},{"@type":"ListItem","position":2,"name":"Kontakt"}]},{"@type":"WebSite","@id":"https:\/\/campingmaterada.com\/#website","url":"https:\/\/campingmaterada.com\/","name":"Boutique Camping Materada Beach","description":"","publisher":{"@id":"https:\/\/campingmaterada.com\/#organization"},"potentialAction":[{"@type":"SearchAction","target":{"@type":"EntryPoint","urlTemplate":"https:\/\/campingmaterada.com\/?s={search_term_string}"},"query-input":{"@type":"PropertyValueSpecification","valueRequired":true,"valueName":"search_term_string"}}],"inLanguage":"hr"},{"@type":"Organization","@id":"https:\/\/campingmaterada.com\/#organization","name":"Boutique Camping Materada Beach","url":"https:\/\/campingmaterada.com\/","logo":{"@type":"ImageObject","inLanguage":"hr","@id":"https:\/\/campingmaterada.com\/#\/schema\/logo\/image\/","url":"https:\/\/campingmaterada.com\/wp-content\/uploads\/2026\/01\/logo-white.png","contentUrl":"https:\/\/campingmaterada.com\/wp-content\/uploads\/2026\/01\/logo-white.png","width":188,"height":129,"caption":"Boutique Camping Materada Beach"},"image":{"@id":"https:\/\/campingmaterada.com\/#\/schema\/logo\/image\/"}}]}},"_links":{"self":[{"href":"https:\/\/campingmaterada.com\/hr\/wp-json\/wp\/v2\/pages\/6957","targetHints":{"allow":["GET"]}}],"collection":[{"href":"https:\/\/campingmaterada.com\/hr\/wp-json\/wp\/v2\/pages"}],"about":[{"href":"https:\/\/campingmaterada.com\/hr\/wp-json\/wp\/v2\/types\/page"}],"author":[{"embeddable":true,"href":"https:\/\/campingmaterada.com\/hr\/wp-json\/wp\/v2\/users\/1"}],"replies":[{"embeddable":true,"href":"https:\/\/campingmaterada.com\/hr\/wp-json\/wp\/v2\/comments?post=6957"}],"version-history":[{"count":17,"href":"https:\/\/campingmaterada.com\/hr\/wp-json\/wp\/v2\/pages\/6957\/revisions"}],"predecessor-version":[{"id":8563,"href":"https:\/\/campingmaterada.com\/hr\/wp-json\/wp\/v2\/pages\/6957\/revisions\/8563"}],"wp:attachment":[{"href":"https:\/\/campingmaterada.com\/hr\/wp-json\/wp\/v2\/media?parent=6957"}],"curies":[{"name":"wp","href":"https:\/\/api.w.org\/{rel}","templated":true}]}}