{"id":6897,"date":"2026-01-15T09:32:07","date_gmt":"2026-01-15T09:32:07","guid":{"rendered":"https:\/\/campingmaterada.com\/impressum\/"},"modified":"2026-01-15T09:32:07","modified_gmt":"2026-01-15T09:32:07","slug":"impressum","status":"publish","type":"page","link":"https:\/\/campingmaterada.com\/hr\/impressum\/","title":{"rendered":"Impressum"},"content":{"rendered":"\t\t<div data-elementor-type=\"wp-page\" data-elementor-id=\"6897\" class=\"elementor elementor-6897 elementor-2\">\n\t\t\t\t<div class=\"elementor-element elementor-element-df3e1d5 e-flex e-con-boxed e-con e-parent\" data-id=\"df3e1d5\" data-element_type=\"container\">\n\t\t\t\t\t<div class=\"e-con-inner\">\n\t\t\t\t<div class=\"elementor-element elementor-element-b506077 elementor-widget elementor-widget-text-editor\" data-id=\"b506077\" data-element_type=\"widget\" data-widget_type=\"text-editor.default\">\n\t\t\t\t\t\t\t\t\t<p>KAMP MATERADA d.o.o. za ugostiteljstvo i usluge<\/p>\n<p>KAMP MATERADA d.o.o.<\/p>\n<p>Zagreb (Grad Zagreb)<\/p><p>\u010culine\u010dka cesta 152<\/p>\n<p>Upisano u Sudski registar Trgova\u010dkog suda u Zagrebu pod MBS: 080908341, OIB: 05984374606<\/p><p>Temeljni kapital: 3.300.000,00 kn upla\u0107en u cijelosti<\/p>\n<p>Uprava: S.Matika<\/p>\n<p>IBAN: HR34 23400091110653400 otvoren kod Privredne banke Zagreb d.d.<\/p>\n<p>IBAN: HR03 24020061100702527 otvoren kod Erste&amp;Steiermarkische Bank d.d. Rijeka<\/p>\t\t\t\t\t\t\t\t<\/div>\n\t\t\t\t\t<\/div>\n\t\t\t\t<\/div>\n\t\t\t\t<\/div>\n\t\t","protected":false},"excerpt":{"rendered":"<p>KAMP MATERADA d.o.o. za ugostiteljstvo i usluge KAMP MATERADA d.o.o. Zagreb (Grad Zagreb) \u010culine\u010dka cesta 152 Upisano u Sudski registar Trgova\u010dkog suda u Zagrebu pod MBS: 080908341, OIB: 05984374606 Temeljni kapital: 3.300.000,00 kn upla\u0107en u cijelosti Uprava: S.Matika IBAN: HR34 23400091110653400 otvoren kod Privredne banke Zagreb d.d. IBAN: HR03 24020061100702527 otvoren kod Erste&amp;Steiermarkische Bank d.d. [&hellip;]<\/p>\n","protected":false},"author":1,"featured_media":0,"parent":0,"menu_order":0,"comment_status":"closed","ping_status":"open","template":"","meta":{"inline_featured_image":false,"footnotes":""},"class_list":["post-6897","page","type-page","status-publish","hentry"],"yoast_head":"<!-- This site is optimized with the Yoast SEO plugin v27.5 - https:\/\/yoast.com\/product\/yoast-seo-wordpress\/ -->\n<title>Impressum - Boutique Camping Materada Beach<\/title>\n<meta name=\"robots\" content=\"index, follow, max-snippet:-1, max-image-preview:large, max-video-preview:-1\" \/>\n<link rel=\"canonical\" href=\"https:\/\/campingmaterada.com\/impressum\/\" \/>\n<meta property=\"og:locale\" content=\"hr_HR\" \/>\n<meta property=\"og:type\" content=\"article\" \/>\n<meta property=\"og:title\" content=\"Impressum - Boutique Camping Materada Beach\" \/>\n<meta property=\"og:description\" content=\"KAMP MATERADA d.o.o. za ugostiteljstvo i usluge KAMP MATERADA d.o.o. Zagreb (Grad Zagreb) \u010culine\u010dka cesta 152 Upisano u Sudski registar Trgova\u010dkog suda u Zagrebu pod MBS: 080908341, OIB: 05984374606 Temeljni kapital: 3.300.000,00 kn upla\u0107en u cijelosti Uprava: S.Matika IBAN: HR34 23400091110653400 otvoren kod Privredne banke Zagreb d.d. IBAN: HR03 24020061100702527 otvoren kod Erste&amp;Steiermarkische Bank d.d. [&hellip;]\" \/>\n<meta property=\"og:url\" content=\"https:\/\/campingmaterada.com\/impressum\/\" \/>\n<meta property=\"og:site_name\" content=\"Boutique Camping Materada Beach\" \/>\n<meta name=\"twitter:card\" content=\"summary_large_image\" \/>\n<meta name=\"twitter:label1\" content=\"Procijenjeno vrijeme \u010ditanja\" \/>\n\t<meta name=\"twitter:data1\" content=\"1 minuta\" \/>\n<script type=\"application\/ld+json\" class=\"yoast-schema-graph\">{\"@context\":\"https:\\\/\\\/schema.org\",\"@graph\":[{\"@type\":\"WebPage\",\"@id\":\"https:\\\/\\\/campingmaterada.com\\\/impressum\\\/\",\"url\":\"https:\\\/\\\/campingmaterada.com\\\/impressum\\\/\",\"name\":\"Impressum - Boutique Camping Materada Beach\",\"isPartOf\":{\"@id\":\"https:\\\/\\\/campingmaterada.com\\\/#website\"},\"datePublished\":\"2026-01-15T09:32:07+00:00\",\"breadcrumb\":{\"@id\":\"https:\\\/\\\/campingmaterada.com\\\/impressum\\\/#breadcrumb\"},\"inLanguage\":\"hr\",\"potentialAction\":[{\"@type\":\"ReadAction\",\"target\":[\"https:\\\/\\\/campingmaterada.com\\\/impressum\\\/\"]}]},{\"@type\":\"BreadcrumbList\",\"@id\":\"https:\\\/\\\/campingmaterada.com\\\/impressum\\\/#breadcrumb\",\"itemListElement\":[{\"@type\":\"ListItem\",\"position\":1,\"name\":\"Home\",\"item\":\"https:\\\/\\\/campingmaterada.com\\\/hr\\\/\"},{\"@type\":\"ListItem\",\"position\":2,\"name\":\"Impressum\"}]},{\"@type\":\"WebSite\",\"@id\":\"https:\\\/\\\/campingmaterada.com\\\/#website\",\"url\":\"https:\\\/\\\/campingmaterada.com\\\/\",\"name\":\"Boutique Camping Materada Beach\",\"description\":\"\",\"publisher\":{\"@id\":\"https:\\\/\\\/campingmaterada.com\\\/#organization\"},\"potentialAction\":[{\"@type\":\"SearchAction\",\"target\":{\"@type\":\"EntryPoint\",\"urlTemplate\":\"https:\\\/\\\/campingmaterada.com\\\/?s={search_term_string}\"},\"query-input\":{\"@type\":\"PropertyValueSpecification\",\"valueRequired\":true,\"valueName\":\"search_term_string\"}}],\"inLanguage\":\"hr\"},{\"@type\":\"Organization\",\"@id\":\"https:\\\/\\\/campingmaterada.com\\\/#organization\",\"name\":\"Boutique Camping Materada Beach\",\"url\":\"https:\\\/\\\/campingmaterada.com\\\/\",\"logo\":{\"@type\":\"ImageObject\",\"inLanguage\":\"hr\",\"@id\":\"https:\\\/\\\/campingmaterada.com\\\/#\\\/schema\\\/logo\\\/image\\\/\",\"url\":\"https:\\\/\\\/campingmaterada.com\\\/wp-content\\\/uploads\\\/2026\\\/01\\\/logo-white.png\",\"contentUrl\":\"https:\\\/\\\/campingmaterada.com\\\/wp-content\\\/uploads\\\/2026\\\/01\\\/logo-white.png\",\"width\":188,\"height\":129,\"caption\":\"Boutique Camping Materada Beach\"},\"image\":{\"@id\":\"https:\\\/\\\/campingmaterada.com\\\/#\\\/schema\\\/logo\\\/image\\\/\"}}]}<\/script>\n<!-- \/ Yoast SEO plugin. -->","yoast_head_json":{"title":"Impressum - Boutique Camping Materada Beach","robots":{"index":"index","follow":"follow","max-snippet":"max-snippet:-1","max-image-preview":"max-image-preview:large","max-video-preview":"max-video-preview:-1"},"canonical":"https:\/\/campingmaterada.com\/impressum\/","og_locale":"hr_HR","og_type":"article","og_title":"Impressum - Boutique Camping Materada Beach","og_description":"KAMP MATERADA d.o.o. za ugostiteljstvo i usluge KAMP MATERADA d.o.o. Zagreb (Grad Zagreb) \u010culine\u010dka cesta 152 Upisano u Sudski registar Trgova\u010dkog suda u Zagrebu pod MBS: 080908341, OIB: 05984374606 Temeljni kapital: 3.300.000,00 kn upla\u0107en u cijelosti Uprava: S.Matika IBAN: HR34 23400091110653400 otvoren kod Privredne banke Zagreb d.d. IBAN: HR03 24020061100702527 otvoren kod Erste&amp;Steiermarkische Bank d.d. [&hellip;]","og_url":"https:\/\/campingmaterada.com\/impressum\/","og_site_name":"Boutique Camping Materada Beach","twitter_card":"summary_large_image","twitter_misc":{"Procijenjeno vrijeme \u010ditanja":"1 minuta"},"schema":{"@context":"https:\/\/schema.org","@graph":[{"@type":"WebPage","@id":"https:\/\/campingmaterada.com\/impressum\/","url":"https:\/\/campingmaterada.com\/impressum\/","name":"Impressum - Boutique Camping Materada Beach","isPartOf":{"@id":"https:\/\/campingmaterada.com\/#website"},"datePublished":"2026-01-15T09:32:07+00:00","breadcrumb":{"@id":"https:\/\/campingmaterada.com\/impressum\/#breadcrumb"},"inLanguage":"hr","potentialAction":[{"@type":"ReadAction","target":["https:\/\/campingmaterada.com\/impressum\/"]}]},{"@type":"BreadcrumbList","@id":"https:\/\/campingmaterada.com\/impressum\/#breadcrumb","itemListElement":[{"@type":"ListItem","position":1,"name":"Home","item":"https:\/\/campingmaterada.com\/hr\/"},{"@type":"ListItem","position":2,"name":"Impressum"}]},{"@type":"WebSite","@id":"https:\/\/campingmaterada.com\/#website","url":"https:\/\/campingmaterada.com\/","name":"Boutique Camping Materada Beach","description":"","publisher":{"@id":"https:\/\/campingmaterada.com\/#organization"},"potentialAction":[{"@type":"SearchAction","target":{"@type":"EntryPoint","urlTemplate":"https:\/\/campingmaterada.com\/?s={search_term_string}"},"query-input":{"@type":"PropertyValueSpecification","valueRequired":true,"valueName":"search_term_string"}}],"inLanguage":"hr"},{"@type":"Organization","@id":"https:\/\/campingmaterada.com\/#organization","name":"Boutique Camping Materada Beach","url":"https:\/\/campingmaterada.com\/","logo":{"@type":"ImageObject","inLanguage":"hr","@id":"https:\/\/campingmaterada.com\/#\/schema\/logo\/image\/","url":"https:\/\/campingmaterada.com\/wp-content\/uploads\/2026\/01\/logo-white.png","contentUrl":"https:\/\/campingmaterada.com\/wp-content\/uploads\/2026\/01\/logo-white.png","width":188,"height":129,"caption":"Boutique Camping Materada Beach"},"image":{"@id":"https:\/\/campingmaterada.com\/#\/schema\/logo\/image\/"}}]}},"_links":{"self":[{"href":"https:\/\/campingmaterada.com\/hr\/wp-json\/wp\/v2\/pages\/6897","targetHints":{"allow":["GET"]}}],"collection":[{"href":"https:\/\/campingmaterada.com\/hr\/wp-json\/wp\/v2\/pages"}],"about":[{"href":"https:\/\/campingmaterada.com\/hr\/wp-json\/wp\/v2\/types\/page"}],"author":[{"embeddable":true,"href":"https:\/\/campingmaterada.com\/hr\/wp-json\/wp\/v2\/users\/1"}],"replies":[{"embeddable":true,"href":"https:\/\/campingmaterada.com\/hr\/wp-json\/wp\/v2\/comments?post=6897"}],"version-history":[{"count":0,"href":"https:\/\/campingmaterada.com\/hr\/wp-json\/wp\/v2\/pages\/6897\/revisions"}],"wp:attachment":[{"href":"https:\/\/campingmaterada.com\/hr\/wp-json\/wp\/v2\/media?parent=6897"}],"curies":[{"name":"wp","href":"https:\/\/api.w.org\/{rel}","templated":true}]}}