{"id":6889,"date":"2026-01-24T18:06:10","date_gmt":"2026-01-24T18:06:10","guid":{"rendered":"https:\/\/campingmaterada.com\/amenities\/"},"modified":"2026-05-08T09:35:33","modified_gmt":"2026-05-08T09:35:33","slug":"sadrzaji","status":"publish","type":"page","link":"https:\/\/campingmaterada.com\/hr\/sadrzaji\/","title":{"rendered":"Sadr\u017eaji"},"content":{"rendered":"\t\t<div data-elementor-type=\"wp-page\" data-elementor-id=\"6889\" class=\"elementor elementor-6889 elementor-6668\">\n\t\t\t\t<div class=\"elementor-element elementor-element-71cc2ab5 e-flex e-con-boxed e-con e-parent\" data-id=\"71cc2ab5\" data-element_type=\"container\">\n\t\t\t\t\t<div class=\"e-con-inner\">\n\t\t\t\t<div class=\"elementor-element elementor-element-3c3265ab elementor-widget__width-initial elementor-widget elementor-widget-heading\" data-id=\"3c3265ab\" data-element_type=\"widget\" data-widget_type=\"heading.default\">\n\t\t\t\t\t<p class=\"elementor-heading-title elementor-size-default\">Za va\u0161 do\u017eivljaj najboljeg na Jadranu.<\/p>\t\t\t\t<\/div>\n\t\t<div class=\"elementor-element elementor-element-0583236 e-con-full e-flex e-con e-child\" data-id=\"0583236\" data-element_type=\"container\">\n\t\t<div class=\"elementor-element elementor-element-9219cca e-flex e-con-boxed e-con e-child\" data-id=\"9219cca\" data-element_type=\"container\">\n\t\t\t\t\t<div class=\"e-con-inner\">\n\t\t<a class=\"elementor-element elementor-element-d4fd99a e-con-full card-item e-flex e-con e-child\" data-id=\"d4fd99a\" data-element_type=\"container\" href=\"https:\/\/campingmaterada.com\/hr\/plaze-i-bazeni\">\n\t\t<div class=\"elementor-element elementor-element-ef60ad6 e-con-full card-text e-flex e-con e-child\" data-id=\"ef60ad6\" data-element_type=\"container\">\n\t\t<div class=\"elementor-element elementor-element-8307627 e-con-full e-flex e-con e-child\" data-id=\"8307627\" data-element_type=\"container\">\n\t\t\t\t<div class=\"elementor-element elementor-element-baa39ee elementor-widget__width-initial elementor-widget elementor-widget-heading\" data-id=\"baa39ee\" data-element_type=\"widget\" data-widget_type=\"heading.default\">\n\t\t\t\t\t<h4 class=\"elementor-heading-title elementor-size-default\">Pla\u017ee i bazeni<\/h4>\t\t\t\t<\/div>\n\t\t\t\t<div class=\"elementor-element elementor-element-955f1b2 elementor-widget elementor-widget-text-editor\" data-id=\"955f1b2\" data-element_type=\"widget\" data-widget_type=\"text-editor.default\">\n\t\t\t\t\t\t\t\t\t<p>U\u017eivajte u kristalno \u010distom Jadranu i prostranoj pla\u017ei kampa Materada, okru\u017eenoj prirodnim hladom. Samo par koraka od va\u0161e ku\u0107ice ili \u0161atora uvijek \u0107ete imati dovoljno mjesta za odmor i punjenje baterija. Ako vi\u0161e volite bazene, \u010dekaju vas infinity morski bazen i obiteljski slatkovodni bazen.<\/p>\t\t\t\t\t\t\t\t<\/div>\n\t\t\t\t<\/div>\n\t\t<div class=\"elementor-element elementor-element-f8f0da3 e-con-full e-flex e-con e-child\" data-id=\"f8f0da3\" data-element_type=\"container\">\n\t\t\t\t<div class=\"elementor-element elementor-element-85c4868 elementor-widget-divider--view-line elementor-widget elementor-widget-divider\" data-id=\"85c4868\" data-element_type=\"widget\" data-widget_type=\"divider.default\">\n\t\t\t\t\t\t\t<div class=\"elementor-divider\">\n\t\t\t<span class=\"elementor-divider-separator\">\n\t\t\t\t\t\t<\/span>\n\t\t<\/div>\n\t\t\t\t\t\t<\/div>\n\t\t\t\t<div class=\"elementor-element elementor-element-4e2d68d card-link-text elementor-widget elementor-widget-text-editor\" data-id=\"4e2d68d\" data-element_type=\"widget\" data-widget_type=\"text-editor.default\">\n\t\t\t\t\t\t\t\t\t<p>PRO\u010cITAJ VI\u0160E<\/p>\t\t\t\t\t\t\t\t<\/div>\n\t\t\t\t<\/div>\n\t\t\t\t<\/div>\n\t\t<div class=\"elementor-element elementor-element-c594c54 e-con-full card-image e-flex e-con e-child\" data-id=\"c594c54\" data-element_type=\"container\">\n\t\t\t\t<div class=\"elementor-element elementor-element-644c375 elementor-widget__width-initial elementor-widget elementor-widget-image\" data-id=\"644c375\" data-element_type=\"widget\" data-widget_type=\"image.default\">\n\t\t\t\t\t\t\t\t\t\t\t\t\t\t\t<img fetchpriority=\"high\" decoding=\"async\" width=\"1200\" height=\"814\" src=\"https:\/\/campingmaterada.com\/wp-content\/uploads\/2026\/04\/beaches-and-pools.jpg\" class=\"attachment-full size-full wp-image-8027\" alt=\"\" srcset=\"https:\/\/campingmaterada.com\/wp-content\/uploads\/2026\/04\/beaches-and-pools.jpg 1200w, https:\/\/campingmaterada.com\/wp-content\/uploads\/2026\/04\/beaches-and-pools-300x204.jpg 300w, https:\/\/campingmaterada.com\/wp-content\/uploads\/2026\/04\/beaches-and-pools-1024x695.jpg 1024w, https:\/\/campingmaterada.com\/wp-content\/uploads\/2026\/04\/beaches-and-pools-768x521.jpg 768w\" sizes=\"(max-width: 1200px) 100vw, 1200px\" \/>\t\t\t\t\t\t\t\t\t\t\t\t\t\t\t<\/div>\n\t\t\t\t<\/div>\n\t\t\t\t<\/a>\n\t\t<a class=\"elementor-element elementor-element-fe139ad e-con-full card-item e-flex e-con e-child\" data-id=\"fe139ad\" data-element_type=\"container\" href=\"https:\/\/campingmaterada.com\/hr\/restoran-bar\">\n\t\t<div class=\"elementor-element elementor-element-b56a007 e-con-full card-image e-flex e-con e-child\" data-id=\"b56a007\" data-element_type=\"container\">\n\t\t\t\t<div class=\"elementor-element elementor-element-beea0e1 elementor-widget__width-initial elementor-widget elementor-widget-image\" data-id=\"beea0e1\" data-element_type=\"widget\" data-widget_type=\"image.default\">\n\t\t\t\t\t\t\t\t\t\t\t\t\t\t\t<img decoding=\"async\" width=\"1200\" height=\"814\" src=\"https:\/\/campingmaterada.com\/wp-content\/uploads\/2026\/04\/restaurant-and-bar.jpg\" class=\"attachment-full size-full wp-image-8028\" alt=\"\" srcset=\"https:\/\/campingmaterada.com\/wp-content\/uploads\/2026\/04\/restaurant-and-bar.jpg 1200w, https:\/\/campingmaterada.com\/wp-content\/uploads\/2026\/04\/restaurant-and-bar-300x204.jpg 300w, https:\/\/campingmaterada.com\/wp-content\/uploads\/2026\/04\/restaurant-and-bar-1024x695.jpg 1024w, https:\/\/campingmaterada.com\/wp-content\/uploads\/2026\/04\/restaurant-and-bar-768x521.jpg 768w\" sizes=\"(max-width: 1200px) 100vw, 1200px\" \/>\t\t\t\t\t\t\t\t\t\t\t\t\t\t\t<\/div>\n\t\t\t\t<\/div>\n\t\t<div class=\"elementor-element elementor-element-ad2b1f6 e-con-full card-text e-flex e-con e-child\" data-id=\"ad2b1f6\" data-element_type=\"container\">\n\t\t<div class=\"elementor-element elementor-element-415e612 e-con-full e-flex e-con e-child\" data-id=\"415e612\" data-element_type=\"container\">\n\t\t\t\t<div class=\"elementor-element elementor-element-1f918ae elementor-widget__width-initial elementor-widget elementor-widget-heading\" data-id=\"1f918ae\" data-element_type=\"widget\" data-widget_type=\"heading.default\">\n\t\t\t\t\t<h4 class=\"elementor-heading-title elementor-size-default\">Restoran i bar<\/h4>\t\t\t\t<\/div>\n\t\t\t\t<div class=\"elementor-element elementor-element-ca64f1a elementor-widget elementor-widget-text-editor\" data-id=\"ca64f1a\" data-element_type=\"widget\" data-widget_type=\"text-editor.default\">\n\t\t\t\t\t\t\t\t\t<p>U jedinstvenom ambijentu uz more, restoran u sklopu kampa nudi raznoliku ponudu jela, od ribe i plodova mora, preko jela s ro\u0161tilja, do doma\u0107e tjestenine i pizza iz kru\u0161ne pe\u0107i. Uz birana lokalna vina i maslinova ulja, svaki ru\u010dak ili ve\u010dera postaju nezaboravan do\u017eivljaj.<\/p>\t\t\t\t\t\t\t\t<\/div>\n\t\t\t\t<\/div>\n\t\t<div class=\"elementor-element elementor-element-4a42b4b e-con-full e-flex e-con e-child\" data-id=\"4a42b4b\" data-element_type=\"container\">\n\t\t\t\t<div class=\"elementor-element elementor-element-1c4e60f elementor-widget-divider--view-line elementor-widget elementor-widget-divider\" data-id=\"1c4e60f\" data-element_type=\"widget\" data-widget_type=\"divider.default\">\n\t\t\t\t\t\t\t<div class=\"elementor-divider\">\n\t\t\t<span class=\"elementor-divider-separator\">\n\t\t\t\t\t\t<\/span>\n\t\t<\/div>\n\t\t\t\t\t\t<\/div>\n\t\t\t\t<div class=\"elementor-element elementor-element-0654df6 card-link-text elementor-widget elementor-widget-text-editor\" data-id=\"0654df6\" data-element_type=\"widget\" data-widget_type=\"text-editor.default\">\n\t\t\t\t\t\t\t\t\t<p>PRO\u010cITAJ VI\u0160E<\/p>\t\t\t\t\t\t\t\t<\/div>\n\t\t\t\t<\/div>\n\t\t\t\t<\/div>\n\t\t\t\t<\/a>\n\t\t<a class=\"elementor-element elementor-element-9bbc960 e-con-full card-item e-flex e-con e-child\" data-id=\"9bbc960\" data-element_type=\"container\" href=\"https:\/\/campingmaterada.com\/hr\/sport-i-rekreacija\">\n\t\t<div class=\"elementor-element elementor-element-e42df00 e-con-full card-text e-flex e-con e-child\" data-id=\"e42df00\" data-element_type=\"container\">\n\t\t<div class=\"elementor-element elementor-element-5872e42 e-con-full e-flex e-con e-child\" data-id=\"5872e42\" data-element_type=\"container\">\n\t\t\t\t<div class=\"elementor-element elementor-element-5762e6c elementor-widget__width-initial elementor-widget elementor-widget-heading\" data-id=\"5762e6c\" data-element_type=\"widget\" data-widget_type=\"heading.default\">\n\t\t\t\t\t<h4 class=\"elementor-heading-title elementor-size-default\">Sport i rekreacija<\/h4>\t\t\t\t<\/div>\n\t\t\t\t<div class=\"elementor-element elementor-element-6483c6d elementor-widget elementor-widget-text-editor\" data-id=\"6483c6d\" data-element_type=\"widget\" data-widget_type=\"text-editor.default\">\n\t\t\t\t\t\t\t\t\t<div class=\"elementor-element elementor-element-779be289 elementor-widget elementor-widget-text-editor\" data-id=\"779be289\" data-element_type=\"widget\" data-widget_type=\"text-editor.default\"><p>Ispunite svoj odmor vje\u017ebanjem na svje\u017eem zraku i zabavnim sportskim aktivnostima u kampu ili istra\u017eivanjem bogate povijesti Pore\u010da. Okolica nudi brojne mogu\u0107nosti za otkrivanje krajolika, od ure\u0111enih staza do slikovitih ruta kroz istarski pejza\u017e i uz obalu.<\/p><\/div>\t\t\t\t\t\t\t\t<\/div>\n\t\t\t\t<\/div>\n\t\t<div class=\"elementor-element elementor-element-209e09c e-con-full e-flex e-con e-child\" data-id=\"209e09c\" data-element_type=\"container\">\n\t\t\t\t<div class=\"elementor-element elementor-element-a03114b elementor-widget-divider--view-line elementor-widget elementor-widget-divider\" data-id=\"a03114b\" data-element_type=\"widget\" data-widget_type=\"divider.default\">\n\t\t\t\t\t\t\t<div class=\"elementor-divider\">\n\t\t\t<span class=\"elementor-divider-separator\">\n\t\t\t\t\t\t<\/span>\n\t\t<\/div>\n\t\t\t\t\t\t<\/div>\n\t\t\t\t<div class=\"elementor-element elementor-element-f5b7e11 card-link-text elementor-widget elementor-widget-text-editor\" data-id=\"f5b7e11\" data-element_type=\"widget\" data-widget_type=\"text-editor.default\">\n\t\t\t\t\t\t\t\t\t<p>PRO\u010cITAJ VI\u0160E<\/p>\t\t\t\t\t\t\t\t<\/div>\n\t\t\t\t<\/div>\n\t\t\t\t<\/div>\n\t\t<div class=\"elementor-element elementor-element-869e13a e-con-full card-image e-flex e-con e-child\" data-id=\"869e13a\" data-element_type=\"container\">\n\t\t\t\t<div class=\"elementor-element elementor-element-10ed4cf elementor-widget__width-initial elementor-widget elementor-widget-image\" data-id=\"10ed4cf\" data-element_type=\"widget\" data-widget_type=\"image.default\">\n\t\t\t\t\t\t\t\t\t\t\t\t\t\t\t<img decoding=\"async\" width=\"1200\" height=\"814\" src=\"https:\/\/campingmaterada.com\/wp-content\/uploads\/2026\/04\/sport-and-recreation.jpg\" class=\"attachment-full size-full wp-image-8029\" alt=\"\" srcset=\"https:\/\/campingmaterada.com\/wp-content\/uploads\/2026\/04\/sport-and-recreation.jpg 1200w, https:\/\/campingmaterada.com\/wp-content\/uploads\/2026\/04\/sport-and-recreation-300x204.jpg 300w, https:\/\/campingmaterada.com\/wp-content\/uploads\/2026\/04\/sport-and-recreation-1024x695.jpg 1024w, https:\/\/campingmaterada.com\/wp-content\/uploads\/2026\/04\/sport-and-recreation-768x521.jpg 768w\" sizes=\"(max-width: 1200px) 100vw, 1200px\" \/>\t\t\t\t\t\t\t\t\t\t\t\t\t\t\t<\/div>\n\t\t\t\t<\/div>\n\t\t\t\t<\/a>\n\t\t\t\t\t<\/div>\n\t\t\t\t<\/div>\n\t\t\t\t<\/div>\n\t\t\t\t\t<\/div>\n\t\t\t\t<\/div>\n\t\t\t\t<\/div>\n\t\t","protected":false},"excerpt":{"rendered":"<p>Za va\u0161 do\u017eivljaj najboljeg na Jadranu. Pla\u017ee i bazeni U\u017eivajte u kristalno \u010distom Jadranu i prostranoj pla\u017ei kampa Materada, okru\u017eenoj prirodnim hladom. Samo par koraka od va\u0161e ku\u0107ice ili \u0161atora uvijek \u0107ete imati dovoljno mjesta za odmor i punjenje baterija. Ako vi\u0161e volite bazene, \u010dekaju vas infinity morski bazen i obiteljski slatkovodni bazen. PRO\u010cITAJ VI\u0160E [&hellip;]<\/p>\n","protected":false},"author":1,"featured_media":0,"parent":0,"menu_order":0,"comment_status":"closed","ping_status":"closed","template":"","meta":{"inline_featured_image":false,"footnotes":""},"class_list":["post-6889","page","type-page","status-publish","hentry"],"yoast_head":"<!-- This site is optimized with the Yoast SEO plugin v27.5 - https:\/\/yoast.com\/product\/yoast-seo-wordpress\/ -->\n<title>Sadr\u017eaji - Boutique Camping Materada Beach<\/title>\n<meta name=\"description\" content=\"Boutique Camping Materada Beach nudi sadr\u017eaje osmi\u0161ljene za potpuni komfor i u\u017eivanje tijekom va\u0161eg boravka. Opustite se uz more, istra\u017eite prirodne ljepote Pore\u010da i provedite dane ispunjene opu\u0161tanjem, zabavom i autenti\u010dnim mediteranskim iskustvom.\" \/>\n<meta name=\"robots\" content=\"index, follow, max-snippet:-1, max-image-preview:large, max-video-preview:-1\" \/>\n<link rel=\"canonical\" href=\"https:\/\/campingmaterada.com\/amenities\/\" \/>\n<meta property=\"og:locale\" content=\"hr_HR\" \/>\n<meta property=\"og:type\" content=\"article\" \/>\n<meta property=\"og:title\" content=\"Sadr\u017eaji - Boutique Camping Materada Beach\" \/>\n<meta property=\"og:description\" content=\"Boutique Camping Materada Beach nudi sadr\u017eaje osmi\u0161ljene za potpuni komfor i u\u017eivanje tijekom va\u0161eg boravka. Opustite se uz more, istra\u017eite prirodne ljepote Pore\u010da i provedite dane ispunjene opu\u0161tanjem, zabavom i autenti\u010dnim mediteranskim iskustvom.\" \/>\n<meta property=\"og:url\" content=\"https:\/\/campingmaterada.com\/amenities\/\" \/>\n<meta property=\"og:site_name\" content=\"Boutique Camping Materada Beach\" \/>\n<meta property=\"article:modified_time\" content=\"2026-05-08T09:35:33+00:00\" \/>\n<meta property=\"og:image\" content=\"https:\/\/campingmaterada.com\/wp-content\/uploads\/2026\/04\/beaches-and-pools.jpg\" \/>\n<meta name=\"twitter:card\" content=\"summary_large_image\" \/>\n<meta name=\"twitter:label1\" content=\"Procijenjeno vrijeme \u010ditanja\" \/>\n\t<meta name=\"twitter:data1\" content=\"1 minuta\" \/>\n<script type=\"application\/ld+json\" class=\"yoast-schema-graph\">{\"@context\":\"https:\\\/\\\/schema.org\",\"@graph\":[{\"@type\":\"WebPage\",\"@id\":\"https:\\\/\\\/campingmaterada.com\\\/amenities\\\/\",\"url\":\"https:\\\/\\\/campingmaterada.com\\\/amenities\\\/\",\"name\":\"Sadr\u017eaji - Boutique Camping Materada Beach\",\"isPartOf\":{\"@id\":\"https:\\\/\\\/campingmaterada.com\\\/#website\"},\"primaryImageOfPage\":{\"@id\":\"https:\\\/\\\/campingmaterada.com\\\/amenities\\\/#primaryimage\"},\"image\":{\"@id\":\"https:\\\/\\\/campingmaterada.com\\\/amenities\\\/#primaryimage\"},\"thumbnailUrl\":\"https:\\\/\\\/campingmaterada.com\\\/wp-content\\\/uploads\\\/2026\\\/04\\\/beaches-and-pools.jpg\",\"datePublished\":\"2026-01-24T18:06:10+00:00\",\"dateModified\":\"2026-05-08T09:35:33+00:00\",\"description\":\"Boutique Camping Materada Beach nudi sadr\u017eaje osmi\u0161ljene za potpuni komfor i u\u017eivanje tijekom va\u0161eg boravka. Opustite se uz more, istra\u017eite prirodne ljepote Pore\u010da i provedite dane ispunjene opu\u0161tanjem, zabavom i autenti\u010dnim mediteranskim iskustvom.\",\"breadcrumb\":{\"@id\":\"https:\\\/\\\/campingmaterada.com\\\/amenities\\\/#breadcrumb\"},\"inLanguage\":\"hr\",\"potentialAction\":[{\"@type\":\"ReadAction\",\"target\":[\"https:\\\/\\\/campingmaterada.com\\\/amenities\\\/\"]}]},{\"@type\":\"ImageObject\",\"inLanguage\":\"hr\",\"@id\":\"https:\\\/\\\/campingmaterada.com\\\/amenities\\\/#primaryimage\",\"url\":\"https:\\\/\\\/campingmaterada.com\\\/wp-content\\\/uploads\\\/2026\\\/04\\\/beaches-and-pools.jpg\",\"contentUrl\":\"https:\\\/\\\/campingmaterada.com\\\/wp-content\\\/uploads\\\/2026\\\/04\\\/beaches-and-pools.jpg\"},{\"@type\":\"BreadcrumbList\",\"@id\":\"https:\\\/\\\/campingmaterada.com\\\/amenities\\\/#breadcrumb\",\"itemListElement\":[{\"@type\":\"ListItem\",\"position\":1,\"name\":\"Home\",\"item\":\"https:\\\/\\\/campingmaterada.com\\\/hr\\\/\"},{\"@type\":\"ListItem\",\"position\":2,\"name\":\"Sadr\u017eaji\"}]},{\"@type\":\"WebSite\",\"@id\":\"https:\\\/\\\/campingmaterada.com\\\/#website\",\"url\":\"https:\\\/\\\/campingmaterada.com\\\/\",\"name\":\"Boutique Camping Materada Beach\",\"description\":\"\",\"publisher\":{\"@id\":\"https:\\\/\\\/campingmaterada.com\\\/#organization\"},\"potentialAction\":[{\"@type\":\"SearchAction\",\"target\":{\"@type\":\"EntryPoint\",\"urlTemplate\":\"https:\\\/\\\/campingmaterada.com\\\/?s={search_term_string}\"},\"query-input\":{\"@type\":\"PropertyValueSpecification\",\"valueRequired\":true,\"valueName\":\"search_term_string\"}}],\"inLanguage\":\"hr\"},{\"@type\":\"Organization\",\"@id\":\"https:\\\/\\\/campingmaterada.com\\\/#organization\",\"name\":\"Boutique Camping Materada Beach\",\"url\":\"https:\\\/\\\/campingmaterada.com\\\/\",\"logo\":{\"@type\":\"ImageObject\",\"inLanguage\":\"hr\",\"@id\":\"https:\\\/\\\/campingmaterada.com\\\/#\\\/schema\\\/logo\\\/image\\\/\",\"url\":\"https:\\\/\\\/campingmaterada.com\\\/wp-content\\\/uploads\\\/2026\\\/01\\\/logo-white.png\",\"contentUrl\":\"https:\\\/\\\/campingmaterada.com\\\/wp-content\\\/uploads\\\/2026\\\/01\\\/logo-white.png\",\"width\":188,\"height\":129,\"caption\":\"Boutique Camping Materada Beach\"},\"image\":{\"@id\":\"https:\\\/\\\/campingmaterada.com\\\/#\\\/schema\\\/logo\\\/image\\\/\"}}]}<\/script>\n<!-- \/ Yoast SEO plugin. -->","yoast_head_json":{"title":"Sadr\u017eaji - Boutique Camping Materada Beach","description":"Boutique Camping Materada Beach nudi sadr\u017eaje osmi\u0161ljene za potpuni komfor i u\u017eivanje tijekom va\u0161eg boravka. Opustite se uz more, istra\u017eite prirodne ljepote Pore\u010da i provedite dane ispunjene opu\u0161tanjem, zabavom i autenti\u010dnim mediteranskim iskustvom.","robots":{"index":"index","follow":"follow","max-snippet":"max-snippet:-1","max-image-preview":"max-image-preview:large","max-video-preview":"max-video-preview:-1"},"canonical":"https:\/\/campingmaterada.com\/amenities\/","og_locale":"hr_HR","og_type":"article","og_title":"Sadr\u017eaji - Boutique Camping Materada Beach","og_description":"Boutique Camping Materada Beach nudi sadr\u017eaje osmi\u0161ljene za potpuni komfor i u\u017eivanje tijekom va\u0161eg boravka. Opustite se uz more, istra\u017eite prirodne ljepote Pore\u010da i provedite dane ispunjene opu\u0161tanjem, zabavom i autenti\u010dnim mediteranskim iskustvom.","og_url":"https:\/\/campingmaterada.com\/amenities\/","og_site_name":"Boutique Camping Materada Beach","article_modified_time":"2026-05-08T09:35:33+00:00","og_image":[{"url":"https:\/\/campingmaterada.com\/wp-content\/uploads\/2026\/04\/beaches-and-pools.jpg","type":"","width":"","height":""}],"twitter_card":"summary_large_image","twitter_misc":{"Procijenjeno vrijeme \u010ditanja":"1 minuta"},"schema":{"@context":"https:\/\/schema.org","@graph":[{"@type":"WebPage","@id":"https:\/\/campingmaterada.com\/amenities\/","url":"https:\/\/campingmaterada.com\/amenities\/","name":"Sadr\u017eaji - Boutique Camping Materada Beach","isPartOf":{"@id":"https:\/\/campingmaterada.com\/#website"},"primaryImageOfPage":{"@id":"https:\/\/campingmaterada.com\/amenities\/#primaryimage"},"image":{"@id":"https:\/\/campingmaterada.com\/amenities\/#primaryimage"},"thumbnailUrl":"https:\/\/campingmaterada.com\/wp-content\/uploads\/2026\/04\/beaches-and-pools.jpg","datePublished":"2026-01-24T18:06:10+00:00","dateModified":"2026-05-08T09:35:33+00:00","description":"Boutique Camping Materada Beach nudi sadr\u017eaje osmi\u0161ljene za potpuni komfor i u\u017eivanje tijekom va\u0161eg boravka. Opustite se uz more, istra\u017eite prirodne ljepote Pore\u010da i provedite dane ispunjene opu\u0161tanjem, zabavom i autenti\u010dnim mediteranskim iskustvom.","breadcrumb":{"@id":"https:\/\/campingmaterada.com\/amenities\/#breadcrumb"},"inLanguage":"hr","potentialAction":[{"@type":"ReadAction","target":["https:\/\/campingmaterada.com\/amenities\/"]}]},{"@type":"ImageObject","inLanguage":"hr","@id":"https:\/\/campingmaterada.com\/amenities\/#primaryimage","url":"https:\/\/campingmaterada.com\/wp-content\/uploads\/2026\/04\/beaches-and-pools.jpg","contentUrl":"https:\/\/campingmaterada.com\/wp-content\/uploads\/2026\/04\/beaches-and-pools.jpg"},{"@type":"BreadcrumbList","@id":"https:\/\/campingmaterada.com\/amenities\/#breadcrumb","itemListElement":[{"@type":"ListItem","position":1,"name":"Home","item":"https:\/\/campingmaterada.com\/hr\/"},{"@type":"ListItem","position":2,"name":"Sadr\u017eaji"}]},{"@type":"WebSite","@id":"https:\/\/campingmaterada.com\/#website","url":"https:\/\/campingmaterada.com\/","name":"Boutique Camping Materada Beach","description":"","publisher":{"@id":"https:\/\/campingmaterada.com\/#organization"},"potentialAction":[{"@type":"SearchAction","target":{"@type":"EntryPoint","urlTemplate":"https:\/\/campingmaterada.com\/?s={search_term_string}"},"query-input":{"@type":"PropertyValueSpecification","valueRequired":true,"valueName":"search_term_string"}}],"inLanguage":"hr"},{"@type":"Organization","@id":"https:\/\/campingmaterada.com\/#organization","name":"Boutique Camping Materada Beach","url":"https:\/\/campingmaterada.com\/","logo":{"@type":"ImageObject","inLanguage":"hr","@id":"https:\/\/campingmaterada.com\/#\/schema\/logo\/image\/","url":"https:\/\/campingmaterada.com\/wp-content\/uploads\/2026\/01\/logo-white.png","contentUrl":"https:\/\/campingmaterada.com\/wp-content\/uploads\/2026\/01\/logo-white.png","width":188,"height":129,"caption":"Boutique Camping Materada Beach"},"image":{"@id":"https:\/\/campingmaterada.com\/#\/schema\/logo\/image\/"}}]}},"_links":{"self":[{"href":"https:\/\/campingmaterada.com\/hr\/wp-json\/wp\/v2\/pages\/6889","targetHints":{"allow":["GET"]}}],"collection":[{"href":"https:\/\/campingmaterada.com\/hr\/wp-json\/wp\/v2\/pages"}],"about":[{"href":"https:\/\/campingmaterada.com\/hr\/wp-json\/wp\/v2\/types\/page"}],"author":[{"embeddable":true,"href":"https:\/\/campingmaterada.com\/hr\/wp-json\/wp\/v2\/users\/1"}],"replies":[{"embeddable":true,"href":"https:\/\/campingmaterada.com\/hr\/wp-json\/wp\/v2\/comments?post=6889"}],"version-history":[{"count":224,"href":"https:\/\/campingmaterada.com\/hr\/wp-json\/wp\/v2\/pages\/6889\/revisions"}],"predecessor-version":[{"id":8321,"href":"https:\/\/campingmaterada.com\/hr\/wp-json\/wp\/v2\/pages\/6889\/revisions\/8321"}],"wp:attachment":[{"href":"https:\/\/campingmaterada.com\/hr\/wp-json\/wp\/v2\/media?parent=6889"}],"curies":[{"name":"wp","href":"https:\/\/api.w.org\/{rel}","templated":true}]}}