{"id":6868,"date":"2026-01-24T18:31:59","date_gmt":"2026-01-24T18:31:59","guid":{"rendered":"https:\/\/campingmaterada.com\/mobile-homes\/"},"modified":"2026-05-08T09:16:23","modified_gmt":"2026-05-08T09:16:23","slug":"mobilne-kucice","status":"publish","type":"page","link":"https:\/\/campingmaterada.com\/hr\/mobilne-kucice\/","title":{"rendered":"Mobilne ku\u0107ice"},"content":{"rendered":"\t\t<div data-elementor-type=\"wp-page\" data-elementor-id=\"6868\" class=\"elementor elementor-6868 elementor-6692\">\n\t\t\t\t<div class=\"elementor-element elementor-element-7719d1ed e-flex e-con-boxed e-con e-parent\" data-id=\"7719d1ed\" data-element_type=\"container\">\n\t\t\t\t\t<div class=\"e-con-inner\">\n\t\t\t\t<div class=\"elementor-element elementor-element-3298b396 elementor-widget__width-initial elementor-widget elementor-widget-heading\" data-id=\"3298b396\" data-element_type=\"widget\" data-widget_type=\"heading.default\">\n\t\t\t\t\t<p class=\"elementor-heading-title elementor-size-default\">Mobilna ku\u0107ica s terasom,  jacuzzijem i pogledom na more ili mediteransko zelenilo kampa - izbor je na vama.\n<\/p>\t\t\t\t<\/div>\n\t\t\t\t<div class=\"elementor-element elementor-element-553b55f elementor-widget elementor-widget-babe-all-items\" data-id=\"553b55f\" data-element_type=\"widget\" data-widget_type=\"babe-all-items.default\">\n\t\t\t\t<div class=\"elementor-widget-container\">\n\t\t\t\t\t\n            <div class=\"babe_shortcode_block sc_all_items  all-items-3\">\n                <div class=\"babe_shortcode_block_bg_inner\">\n                    <div class=\"babe_shortcode_block_inner d-grid\">\n                        <div class=\"babe_items babe_items_3 babe_items_list grid-item\">\n    <div class=\"babe_all_items_item_inner\">\n        <div class=\"item_img\">\n            <div class=\"items_labels\">\n                            <\/div>\n            <a class=\"item-thumb\" href=\"https:\/\/campingmaterada.com\/hr\/to_book\/premium-mobilna-kucica-uz-plazu-s-jacuzzijem\/\"><img decoding=\"async\" src=\"https:\/\/campingmaterada.com\/wp-content\/uploads\/2026\/04\/mobile-home-1.jpg\" alt=\"Premium ku\u0107ica uz pla\u017eu, s jacuzzijem\"><\/a>        <\/div>\n        <div class=\"item_text\">\n            <div class=\"item_title delta\">\n                <a href=\"https:\/\/campingmaterada.com\/hr\/to_book\/premium-mobilna-kucica-uz-plazu-s-jacuzzijem\/\">Premium ku\u0107ica uz pla\u017eu, s jacuzzijem<\/a>\n            <\/div>\n            <div class=\"item-meta\">\n                                    <div class=\"item-room-area\">\n                        <span>\n                            38m\u00b2                        <\/span>\n                    <\/div>\n                                                    <div class=\"item-room-guests\">\n                        <span>\n                            2-5 person                        <\/span>\n                    <\/div>\n                                                    <div class=\"item-room-beds\">\n                        <span>\n                            4 beds                        <\/span>\n                    <\/div>\n                            <\/div>\n            <div class=\"item-excerpt\">\n                Ova potpuno nova i moderno dizajnirana mobilna ku\u0107ica ima terasu s hidromasa\u017enom kadom i pogledom na more. Okru\u017eena borovima i mediteranskom vegetacijom, smje\u0161tena je vrlo...            <\/div>\n\n            <div class=\"item_info_bottom\">\n                <div class=\"item_info_price\">\n                    <label>Od<\/label>\n                    <span class=\"item_info_price_new\"><span class=\"currency_amount\" data-amount=\"50\">50<span class=\"currency_symbol\">&euro;<\/span><\/span><\/span>\n                      po no\u0107                                    <\/div>\n                <div class=\"item_more_link_wrap\">\n                    <a class=\"item_more_link\" href=\"https:\/\/campingmaterada.com\/hr\/to_book\/premium-mobilna-kucica-uz-plazu-s-jacuzzijem\/\">\n                        <span class=\"more-text\">Otkrijte vi\u0161e<\/span>\n                    <\/a>\n                <\/div>\n            <\/div>\n        <\/div>\n    <\/div>\n<\/div><div class=\"babe_items babe_items_3 babe_items_list grid-item\">\n    <div class=\"babe_all_items_item_inner\">\n        <div class=\"item_img\">\n            <div class=\"items_labels\">\n                            <\/div>\n            <a class=\"item-thumb\" href=\"https:\/\/campingmaterada.com\/hr\/to_book\/premium-mobilna-kucica-uz-plazu\/\"><img decoding=\"async\" src=\"https:\/\/campingmaterada.com\/wp-content\/uploads\/2026\/04\/mobile-home-2.jpg\" alt=\"Premium mobilna ku\u0107ica uz pla\u017eu\"><\/a>        <\/div>\n        <div class=\"item_text\">\n            <div class=\"item_title delta\">\n                <a href=\"https:\/\/campingmaterada.com\/hr\/to_book\/premium-mobilna-kucica-uz-plazu\/\">Premium mobilna ku\u0107ica uz pla\u017eu<\/a>\n            <\/div>\n            <div class=\"item-meta\">\n                                    <div class=\"item-room-area\">\n                        <span>\n                            38m\u00b2                        <\/span>\n                    <\/div>\n                                                    <div class=\"item-room-guests\">\n                        <span>\n                            2-5 person                        <\/span>\n                    <\/div>\n                                                    <div class=\"item-room-beds\">\n                        <span>\n                            4 beds                        <\/span>\n                    <\/div>\n                            <\/div>\n            <div class=\"item-excerpt\">\n                Nova i moderno dizajnirana mobilna ku\u0107ica s terasom i pogledom na more. Smje\u0161tena je uz samu pla\u017eu, okru\u017eena borovima i mediteranskom vegetacijom.            <\/div>\n\n            <div class=\"item_info_bottom\">\n                <div class=\"item_info_price\">\n                    <label>Od<\/label>\n                    <span class=\"item_info_price_new\"><span class=\"currency_amount\" data-amount=\"50\">50<span class=\"currency_symbol\">&euro;<\/span><\/span><\/span>\n                      po no\u0107                                    <\/div>\n                <div class=\"item_more_link_wrap\">\n                    <a class=\"item_more_link\" href=\"https:\/\/campingmaterada.com\/hr\/to_book\/premium-mobilna-kucica-uz-plazu\/\">\n                        <span class=\"more-text\">Otkrijte vi\u0161e<\/span>\n                    <\/a>\n                <\/div>\n            <\/div>\n        <\/div>\n    <\/div>\n<\/div><div class=\"babe_items babe_items_3 babe_items_list grid-item\">\n    <div class=\"babe_all_items_item_inner\">\n        <div class=\"item_img\">\n            <div class=\"items_labels\">\n                            <\/div>\n            <a class=\"item-thumb\" href=\"https:\/\/campingmaterada.com\/hr\/to_book\/premium-mobilna-kucica-u-vrtu\/\"><img decoding=\"async\" src=\"https:\/\/campingmaterada.com\/wp-content\/uploads\/2026\/01\/safari-tent-2.jpg\" alt=\"Premium mobilna ku\u0107ica u vrtu\"><\/a>        <\/div>\n        <div class=\"item_text\">\n            <div class=\"item_title delta\">\n                <a href=\"https:\/\/campingmaterada.com\/hr\/to_book\/premium-mobilna-kucica-u-vrtu\/\">Premium mobilna ku\u0107ica u vrtu<\/a>\n            <\/div>\n            <div class=\"item-meta\">\n                                    <div class=\"item-room-area\">\n                        <span>\n                            38                        <\/span>\n                    <\/div>\n                                                    <div class=\"item-room-guests\">\n                        <span>\n                            2-5 person                        <\/span>\n                    <\/div>\n                                                    <div class=\"item-room-beds\">\n                        <span>\n                            4 beds                        <\/span>\n                    <\/div>\n                            <\/div>\n            <div class=\"item-excerpt\">\n                Ova mobilna ku\u0107ica ima terasu i pogled na vrt s mediteranskim biljem. Sastoji se od dnevnog boravka, dvije spava\u0107e sobe i dvije kupaonice s tu\u0161em....            <\/div>\n\n            <div class=\"item_info_bottom\">\n                <div class=\"item_info_price\">\n                    <label>Od<\/label>\n                    <span class=\"item_info_price_new\"><span class=\"currency_amount\" data-amount=\"100\">100<span class=\"currency_symbol\">&euro;<\/span><\/span><\/span>\n                      po no\u0107                                    <\/div>\n                <div class=\"item_more_link_wrap\">\n                    <a class=\"item_more_link\" href=\"https:\/\/campingmaterada.com\/hr\/to_book\/premium-mobilna-kucica-u-vrtu\/\">\n                        <span class=\"more-text\">Otkrijte vi\u0161e<\/span>\n                    <\/a>\n                <\/div>\n            <\/div>\n        <\/div>\n    <\/div>\n<\/div><div class=\"babe_items babe_items_3 babe_items_list grid-item\">\n    <div class=\"babe_all_items_item_inner\">\n        <div class=\"item_img\">\n            <div class=\"items_labels\">\n                            <\/div>\n            <a class=\"item-thumb\" href=\"https:\/\/campingmaterada.com\/hr\/to_book\/delux-kucica-u-vrtu-s-jacuzzijem\/\"><img decoding=\"async\" src=\"https:\/\/campingmaterada.com\/wp-content\/uploads\/2026\/01\/safari-tent-3.jpg\" alt=\"Deluxe ku\u0107ica u vrtu, s jacuzzijem\"><\/a>        <\/div>\n        <div class=\"item_text\">\n            <div class=\"item_title delta\">\n                <a href=\"https:\/\/campingmaterada.com\/hr\/to_book\/delux-kucica-u-vrtu-s-jacuzzijem\/\">Deluxe ku\u0107ica u vrtu, s jacuzzijem<\/a>\n            <\/div>\n            <div class=\"item-meta\">\n                                    <div class=\"item-room-area\">\n                        <span>\n                            38m\u00b2                        <\/span>\n                    <\/div>\n                                                    <div class=\"item-room-guests\">\n                        <span>\n                            2-5 person                        <\/span>\n                    <\/div>\n                                                    <div class=\"item-room-beds\">\n                        <span>\n                            4 beds                        <\/span>\n                    <\/div>\n                            <\/div>\n            <div class=\"item-excerpt\">\n                Deluxe mobilna ku\u0107ica s pogledom na vrt. Ima privatan ulaz i terasu s hidromasa\u017enom kadom. Sastoji se od dnevnog boravka, dvije spava\u0107e sobe i dvije...            <\/div>\n\n            <div class=\"item_info_bottom\">\n                <div class=\"item_info_price\">\n                    <label>Od<\/label>\n                    <span class=\"item_info_price_new\"><span class=\"currency_amount\" data-amount=\"100\">100<span class=\"currency_symbol\">&euro;<\/span><\/span><\/span>\n                      po no\u0107                                    <\/div>\n                <div class=\"item_more_link_wrap\">\n                    <a class=\"item_more_link\" href=\"https:\/\/campingmaterada.com\/hr\/to_book\/delux-kucica-u-vrtu-s-jacuzzijem\/\">\n                        <span class=\"more-text\">Otkrijte vi\u0161e<\/span>\n                    <\/a>\n                <\/div>\n            <\/div>\n        <\/div>\n    <\/div>\n<\/div>\n                    <\/div><div class=\"babe_pager\"><div class=\"babe_pager_inner\"><\/div><\/div>\n                <\/div>\n            <\/div>\n\t\t\t        \t\t\t\t<\/div>\n\t\t\t\t<\/div>\n\t\t\t\t\t<\/div>\n\t\t\t\t<\/div>\n\t\t\t\t<\/div>\n\t\t","protected":false},"excerpt":{"rendered":"<p>Mobilna ku\u0107ica s terasom, jacuzzijem i pogledom na more ili mediteransko zelenilo kampa &#8211; izbor je na vama.<\/p>\n","protected":false},"author":1,"featured_media":0,"parent":0,"menu_order":0,"comment_status":"closed","ping_status":"closed","template":"","meta":{"inline_featured_image":false,"footnotes":""},"class_list":["post-6868","page","type-page","status-publish","hentry"],"yoast_head":"<!-- This site is optimized with the Yoast SEO plugin v27.5 - https:\/\/yoast.com\/product\/yoast-seo-wordpress\/ -->\n<title>Mobilne ku\u0107ice - Boutique Camping Materada Beach<\/title>\n<meta name=\"description\" content=\"Mobilna ku\u0107ica s terasom, jacuzzijem i pogledom na more ili mediteransko zelenilo kampa - izbor je na vama.\" \/>\n<meta name=\"robots\" content=\"index, follow, max-snippet:-1, max-image-preview:large, max-video-preview:-1\" \/>\n<link rel=\"canonical\" href=\"https:\/\/campingmaterada.com\/mobile-homes\/\" \/>\n<meta property=\"og:locale\" content=\"hr_HR\" \/>\n<meta property=\"og:type\" content=\"article\" \/>\n<meta property=\"og:title\" content=\"Mobilne ku\u0107ice - Boutique Camping Materada Beach\" \/>\n<meta property=\"og:description\" content=\"Mobilna ku\u0107ica s terasom, jacuzzijem i pogledom na more ili mediteransko zelenilo kampa - izbor je na vama.\" \/>\n<meta property=\"og:url\" content=\"https:\/\/campingmaterada.com\/mobile-homes\/\" \/>\n<meta property=\"og:site_name\" content=\"Boutique Camping Materada Beach\" \/>\n<meta property=\"article:modified_time\" content=\"2026-05-08T09:16:23+00:00\" \/>\n<meta name=\"twitter:card\" content=\"summary_large_image\" \/>\n<meta name=\"twitter:label1\" content=\"Procijenjeno vrijeme \u010ditanja\" \/>\n\t<meta name=\"twitter:data1\" content=\"1 minuta\" \/>\n<script type=\"application\/ld+json\" class=\"yoast-schema-graph\">{\"@context\":\"https:\\\/\\\/schema.org\",\"@graph\":[{\"@type\":\"WebPage\",\"@id\":\"https:\\\/\\\/campingmaterada.com\\\/mobile-homes\\\/\",\"url\":\"https:\\\/\\\/campingmaterada.com\\\/mobile-homes\\\/\",\"name\":\"Mobilne ku\u0107ice - Boutique Camping Materada Beach\",\"isPartOf\":{\"@id\":\"https:\\\/\\\/campingmaterada.com\\\/#website\"},\"datePublished\":\"2026-01-24T18:31:59+00:00\",\"dateModified\":\"2026-05-08T09:16:23+00:00\",\"description\":\"Mobilna ku\u0107ica s terasom, jacuzzijem i pogledom na more ili mediteransko zelenilo kampa - izbor je na vama.\",\"breadcrumb\":{\"@id\":\"https:\\\/\\\/campingmaterada.com\\\/mobile-homes\\\/#breadcrumb\"},\"inLanguage\":\"hr\",\"potentialAction\":[{\"@type\":\"ReadAction\",\"target\":[\"https:\\\/\\\/campingmaterada.com\\\/mobile-homes\\\/\"]}]},{\"@type\":\"BreadcrumbList\",\"@id\":\"https:\\\/\\\/campingmaterada.com\\\/mobile-homes\\\/#breadcrumb\",\"itemListElement\":[{\"@type\":\"ListItem\",\"position\":1,\"name\":\"Home\",\"item\":\"https:\\\/\\\/campingmaterada.com\\\/hr\\\/\"},{\"@type\":\"ListItem\",\"position\":2,\"name\":\"Mobilne ku\u0107ice\"}]},{\"@type\":\"WebSite\",\"@id\":\"https:\\\/\\\/campingmaterada.com\\\/#website\",\"url\":\"https:\\\/\\\/campingmaterada.com\\\/\",\"name\":\"Boutique Camping Materada Beach\",\"description\":\"\",\"publisher\":{\"@id\":\"https:\\\/\\\/campingmaterada.com\\\/#organization\"},\"potentialAction\":[{\"@type\":\"SearchAction\",\"target\":{\"@type\":\"EntryPoint\",\"urlTemplate\":\"https:\\\/\\\/campingmaterada.com\\\/?s={search_term_string}\"},\"query-input\":{\"@type\":\"PropertyValueSpecification\",\"valueRequired\":true,\"valueName\":\"search_term_string\"}}],\"inLanguage\":\"hr\"},{\"@type\":\"Organization\",\"@id\":\"https:\\\/\\\/campingmaterada.com\\\/#organization\",\"name\":\"Boutique Camping Materada Beach\",\"url\":\"https:\\\/\\\/campingmaterada.com\\\/\",\"logo\":{\"@type\":\"ImageObject\",\"inLanguage\":\"hr\",\"@id\":\"https:\\\/\\\/campingmaterada.com\\\/#\\\/schema\\\/logo\\\/image\\\/\",\"url\":\"https:\\\/\\\/campingmaterada.com\\\/wp-content\\\/uploads\\\/2026\\\/01\\\/logo-white.png\",\"contentUrl\":\"https:\\\/\\\/campingmaterada.com\\\/wp-content\\\/uploads\\\/2026\\\/01\\\/logo-white.png\",\"width\":188,\"height\":129,\"caption\":\"Boutique Camping Materada Beach\"},\"image\":{\"@id\":\"https:\\\/\\\/campingmaterada.com\\\/#\\\/schema\\\/logo\\\/image\\\/\"}}]}<\/script>\n<!-- \/ Yoast SEO plugin. -->","yoast_head_json":{"title":"Mobilne ku\u0107ice - Boutique Camping Materada Beach","description":"Mobilna ku\u0107ica s terasom, jacuzzijem i pogledom na more ili mediteransko zelenilo kampa - izbor je na vama.","robots":{"index":"index","follow":"follow","max-snippet":"max-snippet:-1","max-image-preview":"max-image-preview:large","max-video-preview":"max-video-preview:-1"},"canonical":"https:\/\/campingmaterada.com\/mobile-homes\/","og_locale":"hr_HR","og_type":"article","og_title":"Mobilne ku\u0107ice - Boutique Camping Materada Beach","og_description":"Mobilna ku\u0107ica s terasom, jacuzzijem i pogledom na more ili mediteransko zelenilo kampa - izbor je na vama.","og_url":"https:\/\/campingmaterada.com\/mobile-homes\/","og_site_name":"Boutique Camping Materada Beach","article_modified_time":"2026-05-08T09:16:23+00:00","twitter_card":"summary_large_image","twitter_misc":{"Procijenjeno vrijeme \u010ditanja":"1 minuta"},"schema":{"@context":"https:\/\/schema.org","@graph":[{"@type":"WebPage","@id":"https:\/\/campingmaterada.com\/mobile-homes\/","url":"https:\/\/campingmaterada.com\/mobile-homes\/","name":"Mobilne ku\u0107ice - Boutique Camping Materada Beach","isPartOf":{"@id":"https:\/\/campingmaterada.com\/#website"},"datePublished":"2026-01-24T18:31:59+00:00","dateModified":"2026-05-08T09:16:23+00:00","description":"Mobilna ku\u0107ica s terasom, jacuzzijem i pogledom na more ili mediteransko zelenilo kampa - izbor je na vama.","breadcrumb":{"@id":"https:\/\/campingmaterada.com\/mobile-homes\/#breadcrumb"},"inLanguage":"hr","potentialAction":[{"@type":"ReadAction","target":["https:\/\/campingmaterada.com\/mobile-homes\/"]}]},{"@type":"BreadcrumbList","@id":"https:\/\/campingmaterada.com\/mobile-homes\/#breadcrumb","itemListElement":[{"@type":"ListItem","position":1,"name":"Home","item":"https:\/\/campingmaterada.com\/hr\/"},{"@type":"ListItem","position":2,"name":"Mobilne ku\u0107ice"}]},{"@type":"WebSite","@id":"https:\/\/campingmaterada.com\/#website","url":"https:\/\/campingmaterada.com\/","name":"Boutique Camping Materada Beach","description":"","publisher":{"@id":"https:\/\/campingmaterada.com\/#organization"},"potentialAction":[{"@type":"SearchAction","target":{"@type":"EntryPoint","urlTemplate":"https:\/\/campingmaterada.com\/?s={search_term_string}"},"query-input":{"@type":"PropertyValueSpecification","valueRequired":true,"valueName":"search_term_string"}}],"inLanguage":"hr"},{"@type":"Organization","@id":"https:\/\/campingmaterada.com\/#organization","name":"Boutique Camping Materada Beach","url":"https:\/\/campingmaterada.com\/","logo":{"@type":"ImageObject","inLanguage":"hr","@id":"https:\/\/campingmaterada.com\/#\/schema\/logo\/image\/","url":"https:\/\/campingmaterada.com\/wp-content\/uploads\/2026\/01\/logo-white.png","contentUrl":"https:\/\/campingmaterada.com\/wp-content\/uploads\/2026\/01\/logo-white.png","width":188,"height":129,"caption":"Boutique Camping Materada Beach"},"image":{"@id":"https:\/\/campingmaterada.com\/#\/schema\/logo\/image\/"}}]}},"_links":{"self":[{"href":"https:\/\/campingmaterada.com\/hr\/wp-json\/wp\/v2\/pages\/6868","targetHints":{"allow":["GET"]}}],"collection":[{"href":"https:\/\/campingmaterada.com\/hr\/wp-json\/wp\/v2\/pages"}],"about":[{"href":"https:\/\/campingmaterada.com\/hr\/wp-json\/wp\/v2\/types\/page"}],"author":[{"embeddable":true,"href":"https:\/\/campingmaterada.com\/hr\/wp-json\/wp\/v2\/users\/1"}],"replies":[{"embeddable":true,"href":"https:\/\/campingmaterada.com\/hr\/wp-json\/wp\/v2\/comments?post=6868"}],"version-history":[{"count":38,"href":"https:\/\/campingmaterada.com\/hr\/wp-json\/wp\/v2\/pages\/6868\/revisions"}],"predecessor-version":[{"id":7463,"href":"https:\/\/campingmaterada.com\/hr\/wp-json\/wp\/v2\/pages\/6868\/revisions\/7463"}],"wp:attachment":[{"href":"https:\/\/campingmaterada.com\/hr\/wp-json\/wp\/v2\/media?parent=6868"}],"curies":[{"name":"wp","href":"https:\/\/api.w.org\/{rel}","templated":true}]}}