{"id":6867,"date":"2026-01-24T18:33:14","date_gmt":"2026-01-24T18:33:14","guid":{"rendered":"https:\/\/campingmaterada.com\/safari-tents\/"},"modified":"2026-05-08T09:16:41","modified_gmt":"2026-05-08T09:16:41","slug":"safari-satori","status":"publish","type":"page","link":"https:\/\/campingmaterada.com\/hr\/safari-satori\/","title":{"rendered":"Safari \u0161atori"},"content":{"rendered":"\t\t<div data-elementor-type=\"wp-page\" data-elementor-id=\"6867\" class=\"elementor elementor-6867 elementor-6698\">\n\t\t\t\t<div class=\"elementor-element elementor-element-2232d384 e-flex e-con-boxed e-con e-parent\" data-id=\"2232d384\" data-element_type=\"container\">\n\t\t\t\t\t<div class=\"e-con-inner\">\n\t\t\t\t<div class=\"elementor-element elementor-element-58a6ba3d elementor-widget__width-initial elementor-widget elementor-widget-heading\" data-id=\"58a6ba3d\" data-element_type=\"widget\" data-widget_type=\"heading.default\">\n\t\t\t\t\t<p class=\"elementor-heading-title elementor-size-default\">Otkrijte \u010daroliju luksuznog kampiranja u safari stilu. Budite se uz miris mora i \u0161um prirode, dok su vam svi sadr\u017eaji kampa na dohvat ruke.<\/p>\t\t\t\t<\/div>\n\t\t\t\t<div class=\"elementor-element elementor-element-4907d9bc elementor-widget elementor-widget-babe-all-items\" data-id=\"4907d9bc\" data-element_type=\"widget\" data-widget_type=\"babe-all-items.default\">\n\t\t\t\t<div class=\"elementor-widget-container\">\n\t\t\t\t\t\n            <div class=\"babe_shortcode_block sc_all_items  all-items-3\">\n                <div class=\"babe_shortcode_block_bg_inner\">\n                    <div class=\"babe_shortcode_block_inner d-grid\">\n                        <div class=\"babe_items babe_items_3 babe_items_list grid-item\">\n    <div class=\"babe_all_items_item_inner\">\n        <div class=\"item_img\">\n            <div class=\"items_labels\">\n                            <\/div>\n            <a class=\"item-thumb\" href=\"https:\/\/campingmaterada.com\/hr\/to_book\/safari-sator-s-terasom\/\"><img decoding=\"async\" src=\"https:\/\/campingmaterada.com\/wp-content\/uploads\/2026\/01\/safari-tent-1.jpg\" alt=\"Safari \u0161ator s terasom\"><\/a>        <\/div>\n        <div class=\"item_text\">\n            <div class=\"item_title delta\">\n                <a href=\"https:\/\/campingmaterada.com\/hr\/to_book\/safari-sator-s-terasom\/\">Safari \u0161ator s terasom<\/a>\n            <\/div>\n            <div class=\"item-meta\">\n                                    <div class=\"item-room-area\">\n                        <span>\n                            28m\u00b2                        <\/span>\n                    <\/div>\n                                                    <div class=\"item-room-guests\">\n                        <span>\n                            2-5 person                        <\/span>\n                    <\/div>\n                                                    <div class=\"item-room-beds\">\n                        <span>\n                            4 beds                        <\/span>\n                    <\/div>\n                            <\/div>\n            <div class=\"item-excerpt\">\n                Ure\u0111en u safari stilu, ovaj glamping \u0161ator okru\u017een borovima, zelenilom i mediteranskom vegetacijom pru\u017ea nezaboravan do\u017eivljaj kampiranja u prirodi. Sadr\u017ei bra\u010dni krevet, krevet za jednu...            <\/div>\n\n            <div class=\"item_info_bottom\">\n                <div class=\"item_info_price\">\n                    <label>Od<\/label>\n                    <span class=\"item_info_price_new\"><span class=\"currency_amount\" data-amount=\"100\">100<span class=\"currency_symbol\">&euro;<\/span><\/span><\/span>\n                      po no\u0107                                    <\/div>\n                <div class=\"item_more_link_wrap\">\n                    <a class=\"item_more_link\" href=\"https:\/\/campingmaterada.com\/hr\/to_book\/safari-sator-s-terasom\/\">\n                        <span class=\"more-text\">Otkrijte vi\u0161e<\/span>\n                    <\/a>\n                <\/div>\n            <\/div>\n        <\/div>\n    <\/div>\n<\/div>\n                    <\/div><div class=\"babe_pager\"><div class=\"babe_pager_inner\"><\/div><\/div>\n                <\/div>\n            <\/div>\n\t\t\t        \t\t\t\t<\/div>\n\t\t\t\t<\/div>\n\t\t\t\t\t<\/div>\n\t\t\t\t<\/div>\n\t\t\t\t<\/div>\n\t\t","protected":false},"excerpt":{"rendered":"<p>Otkrijte \u010daroliju luksuznog kampiranja u safari stilu. Budite se uz miris mora i \u0161um prirode, dok su vam svi sadr\u017eaji kampa na dohvat ruke. Safari \u0161ator s terasom 28 2-2 person 4 beds Ure\u0111en u safari stilu, ovaj glamping \u0161ator okru\u017een borovima, zelenilom i mediteranskom vegetacijom pru\u017ea nezaboravan do\u017eivljaj kampiranja u prirodi. Ima terasu i [&hellip;]<\/p>\n","protected":false},"author":1,"featured_media":0,"parent":0,"menu_order":0,"comment_status":"closed","ping_status":"closed","template":"","meta":{"inline_featured_image":false,"footnotes":""},"class_list":["post-6867","page","type-page","status-publish","hentry"],"yoast_head":"<!-- This site is optimized with the Yoast SEO plugin v27.5 - https:\/\/yoast.com\/product\/yoast-seo-wordpress\/ -->\n<title>Safari \u0161atori - Boutique Camping Materada Beach<\/title>\n<meta name=\"description\" content=\"Otkrijte \u010daroliju luksuznog kampiranja u safari stilu. Budite se uz miris mora i \u0161um prirode, dok su vam svi sadr\u017eaji kampa na dohvat ruke.\" \/>\n<meta name=\"robots\" content=\"index, follow, max-snippet:-1, max-image-preview:large, max-video-preview:-1\" \/>\n<link rel=\"canonical\" href=\"https:\/\/campingmaterada.com\/safari-tents\/\" \/>\n<meta property=\"og:locale\" content=\"hr_HR\" \/>\n<meta property=\"og:type\" content=\"article\" \/>\n<meta property=\"og:title\" content=\"Safari \u0161atori - Boutique Camping Materada Beach\" \/>\n<meta property=\"og:description\" content=\"Otkrijte \u010daroliju luksuznog kampiranja u safari stilu. Budite se uz miris mora i \u0161um prirode, dok su vam svi sadr\u017eaji kampa na dohvat ruke.\" \/>\n<meta property=\"og:url\" content=\"https:\/\/campingmaterada.com\/safari-tents\/\" \/>\n<meta property=\"og:site_name\" content=\"Boutique Camping Materada Beach\" \/>\n<meta property=\"article:modified_time\" content=\"2026-05-08T09:16:41+00:00\" \/>\n<meta property=\"og:image\" content=\"https:\/\/campingmaterada.com\/wp-content\/uploads\/2026\/01\/ruben-ramirez-omtZaaHuXxw-unsplash.jpg\" \/>\n<meta name=\"twitter:card\" content=\"summary_large_image\" \/>\n<meta name=\"twitter:label1\" content=\"Procijenjeno vrijeme \u010ditanja\" \/>\n\t<meta name=\"twitter:data1\" content=\"1 minuta\" \/>\n<script type=\"application\/ld+json\" class=\"yoast-schema-graph\">{\"@context\":\"https:\\\/\\\/schema.org\",\"@graph\":[{\"@type\":\"WebPage\",\"@id\":\"https:\\\/\\\/campingmaterada.com\\\/safari-tents\\\/\",\"url\":\"https:\\\/\\\/campingmaterada.com\\\/safari-tents\\\/\",\"name\":\"Safari \u0161atori - Boutique Camping Materada Beach\",\"isPartOf\":{\"@id\":\"https:\\\/\\\/campingmaterada.com\\\/#website\"},\"primaryImageOfPage\":{\"@id\":\"https:\\\/\\\/campingmaterada.com\\\/safari-tents\\\/#primaryimage\"},\"image\":{\"@id\":\"https:\\\/\\\/campingmaterada.com\\\/safari-tents\\\/#primaryimage\"},\"thumbnailUrl\":\"https:\\\/\\\/campingmaterada.com\\\/wp-content\\\/uploads\\\/2026\\\/01\\\/ruben-ramirez-omtZaaHuXxw-unsplash.jpg\",\"datePublished\":\"2026-01-24T18:33:14+00:00\",\"dateModified\":\"2026-05-08T09:16:41+00:00\",\"description\":\"Otkrijte \u010daroliju luksuznog kampiranja u safari stilu. Budite se uz miris mora i \u0161um prirode, dok su vam svi sadr\u017eaji kampa na dohvat ruke.\",\"breadcrumb\":{\"@id\":\"https:\\\/\\\/campingmaterada.com\\\/safari-tents\\\/#breadcrumb\"},\"inLanguage\":\"hr\",\"potentialAction\":[{\"@type\":\"ReadAction\",\"target\":[\"https:\\\/\\\/campingmaterada.com\\\/safari-tents\\\/\"]}]},{\"@type\":\"ImageObject\",\"inLanguage\":\"hr\",\"@id\":\"https:\\\/\\\/campingmaterada.com\\\/safari-tents\\\/#primaryimage\",\"url\":\"https:\\\/\\\/campingmaterada.com\\\/wp-content\\\/uploads\\\/2026\\\/01\\\/ruben-ramirez-omtZaaHuXxw-unsplash.jpg\",\"contentUrl\":\"https:\\\/\\\/campingmaterada.com\\\/wp-content\\\/uploads\\\/2026\\\/01\\\/ruben-ramirez-omtZaaHuXxw-unsplash.jpg\"},{\"@type\":\"BreadcrumbList\",\"@id\":\"https:\\\/\\\/campingmaterada.com\\\/safari-tents\\\/#breadcrumb\",\"itemListElement\":[{\"@type\":\"ListItem\",\"position\":1,\"name\":\"Home\",\"item\":\"https:\\\/\\\/campingmaterada.com\\\/hr\\\/\"},{\"@type\":\"ListItem\",\"position\":2,\"name\":\"Safari \u0161atori\"}]},{\"@type\":\"WebSite\",\"@id\":\"https:\\\/\\\/campingmaterada.com\\\/#website\",\"url\":\"https:\\\/\\\/campingmaterada.com\\\/\",\"name\":\"Boutique Camping Materada Beach\",\"description\":\"\",\"publisher\":{\"@id\":\"https:\\\/\\\/campingmaterada.com\\\/#organization\"},\"potentialAction\":[{\"@type\":\"SearchAction\",\"target\":{\"@type\":\"EntryPoint\",\"urlTemplate\":\"https:\\\/\\\/campingmaterada.com\\\/?s={search_term_string}\"},\"query-input\":{\"@type\":\"PropertyValueSpecification\",\"valueRequired\":true,\"valueName\":\"search_term_string\"}}],\"inLanguage\":\"hr\"},{\"@type\":\"Organization\",\"@id\":\"https:\\\/\\\/campingmaterada.com\\\/#organization\",\"name\":\"Boutique Camping Materada Beach\",\"url\":\"https:\\\/\\\/campingmaterada.com\\\/\",\"logo\":{\"@type\":\"ImageObject\",\"inLanguage\":\"hr\",\"@id\":\"https:\\\/\\\/campingmaterada.com\\\/#\\\/schema\\\/logo\\\/image\\\/\",\"url\":\"https:\\\/\\\/campingmaterada.com\\\/wp-content\\\/uploads\\\/2026\\\/01\\\/logo-white.png\",\"contentUrl\":\"https:\\\/\\\/campingmaterada.com\\\/wp-content\\\/uploads\\\/2026\\\/01\\\/logo-white.png\",\"width\":188,\"height\":129,\"caption\":\"Boutique Camping Materada Beach\"},\"image\":{\"@id\":\"https:\\\/\\\/campingmaterada.com\\\/#\\\/schema\\\/logo\\\/image\\\/\"}}]}<\/script>\n<!-- \/ Yoast SEO plugin. -->","yoast_head_json":{"title":"Safari \u0161atori - Boutique Camping Materada Beach","description":"Otkrijte \u010daroliju luksuznog kampiranja u safari stilu. Budite se uz miris mora i \u0161um prirode, dok su vam svi sadr\u017eaji kampa na dohvat ruke.","robots":{"index":"index","follow":"follow","max-snippet":"max-snippet:-1","max-image-preview":"max-image-preview:large","max-video-preview":"max-video-preview:-1"},"canonical":"https:\/\/campingmaterada.com\/safari-tents\/","og_locale":"hr_HR","og_type":"article","og_title":"Safari \u0161atori - Boutique Camping Materada Beach","og_description":"Otkrijte \u010daroliju luksuznog kampiranja u safari stilu. Budite se uz miris mora i \u0161um prirode, dok su vam svi sadr\u017eaji kampa na dohvat ruke.","og_url":"https:\/\/campingmaterada.com\/safari-tents\/","og_site_name":"Boutique Camping Materada Beach","article_modified_time":"2026-05-08T09:16:41+00:00","og_image":[{"url":"https:\/\/campingmaterada.com\/wp-content\/uploads\/2026\/01\/ruben-ramirez-omtZaaHuXxw-unsplash.jpg","type":"","width":"","height":""}],"twitter_card":"summary_large_image","twitter_misc":{"Procijenjeno vrijeme \u010ditanja":"1 minuta"},"schema":{"@context":"https:\/\/schema.org","@graph":[{"@type":"WebPage","@id":"https:\/\/campingmaterada.com\/safari-tents\/","url":"https:\/\/campingmaterada.com\/safari-tents\/","name":"Safari \u0161atori - Boutique Camping Materada Beach","isPartOf":{"@id":"https:\/\/campingmaterada.com\/#website"},"primaryImageOfPage":{"@id":"https:\/\/campingmaterada.com\/safari-tents\/#primaryimage"},"image":{"@id":"https:\/\/campingmaterada.com\/safari-tents\/#primaryimage"},"thumbnailUrl":"https:\/\/campingmaterada.com\/wp-content\/uploads\/2026\/01\/ruben-ramirez-omtZaaHuXxw-unsplash.jpg","datePublished":"2026-01-24T18:33:14+00:00","dateModified":"2026-05-08T09:16:41+00:00","description":"Otkrijte \u010daroliju luksuznog kampiranja u safari stilu. Budite se uz miris mora i \u0161um prirode, dok su vam svi sadr\u017eaji kampa na dohvat ruke.","breadcrumb":{"@id":"https:\/\/campingmaterada.com\/safari-tents\/#breadcrumb"},"inLanguage":"hr","potentialAction":[{"@type":"ReadAction","target":["https:\/\/campingmaterada.com\/safari-tents\/"]}]},{"@type":"ImageObject","inLanguage":"hr","@id":"https:\/\/campingmaterada.com\/safari-tents\/#primaryimage","url":"https:\/\/campingmaterada.com\/wp-content\/uploads\/2026\/01\/ruben-ramirez-omtZaaHuXxw-unsplash.jpg","contentUrl":"https:\/\/campingmaterada.com\/wp-content\/uploads\/2026\/01\/ruben-ramirez-omtZaaHuXxw-unsplash.jpg"},{"@type":"BreadcrumbList","@id":"https:\/\/campingmaterada.com\/safari-tents\/#breadcrumb","itemListElement":[{"@type":"ListItem","position":1,"name":"Home","item":"https:\/\/campingmaterada.com\/hr\/"},{"@type":"ListItem","position":2,"name":"Safari \u0161atori"}]},{"@type":"WebSite","@id":"https:\/\/campingmaterada.com\/#website","url":"https:\/\/campingmaterada.com\/","name":"Boutique Camping Materada Beach","description":"","publisher":{"@id":"https:\/\/campingmaterada.com\/#organization"},"potentialAction":[{"@type":"SearchAction","target":{"@type":"EntryPoint","urlTemplate":"https:\/\/campingmaterada.com\/?s={search_term_string}"},"query-input":{"@type":"PropertyValueSpecification","valueRequired":true,"valueName":"search_term_string"}}],"inLanguage":"hr"},{"@type":"Organization","@id":"https:\/\/campingmaterada.com\/#organization","name":"Boutique Camping Materada Beach","url":"https:\/\/campingmaterada.com\/","logo":{"@type":"ImageObject","inLanguage":"hr","@id":"https:\/\/campingmaterada.com\/#\/schema\/logo\/image\/","url":"https:\/\/campingmaterada.com\/wp-content\/uploads\/2026\/01\/logo-white.png","contentUrl":"https:\/\/campingmaterada.com\/wp-content\/uploads\/2026\/01\/logo-white.png","width":188,"height":129,"caption":"Boutique Camping Materada Beach"},"image":{"@id":"https:\/\/campingmaterada.com\/#\/schema\/logo\/image\/"}}]}},"_links":{"self":[{"href":"https:\/\/campingmaterada.com\/hr\/wp-json\/wp\/v2\/pages\/6867","targetHints":{"allow":["GET"]}}],"collection":[{"href":"https:\/\/campingmaterada.com\/hr\/wp-json\/wp\/v2\/pages"}],"about":[{"href":"https:\/\/campingmaterada.com\/hr\/wp-json\/wp\/v2\/types\/page"}],"author":[{"embeddable":true,"href":"https:\/\/campingmaterada.com\/hr\/wp-json\/wp\/v2\/users\/1"}],"replies":[{"embeddable":true,"href":"https:\/\/campingmaterada.com\/hr\/wp-json\/wp\/v2\/comments?post=6867"}],"version-history":[{"count":56,"href":"https:\/\/campingmaterada.com\/hr\/wp-json\/wp\/v2\/pages\/6867\/revisions"}],"predecessor-version":[{"id":7789,"href":"https:\/\/campingmaterada.com\/hr\/wp-json\/wp\/v2\/pages\/6867\/revisions\/7789"}],"wp:attachment":[{"href":"https:\/\/campingmaterada.com\/hr\/wp-json\/wp\/v2\/media?parent=6867"}],"curies":[{"name":"wp","href":"https:\/\/api.w.org\/{rel}","templated":true}]}}